{"id":991,"date":"2021-02-04T11:41:55","date_gmt":"2021-02-04T11:41:55","guid":{"rendered":"https:\/\/www.sua.no\/v2\/?page_id=991"},"modified":"2025-12-04T09:15:23","modified_gmt":"2025-12-04T09:15:23","slug":"ue-eog","status":"publish","type":"page","link":"https:\/\/www.sua.no\/pl\/bestill-time\/eu-eos\/","title":{"rendered":"UE\/EOG"},"content":{"rendered":"<p>[et_pb_section fb_built=&raquo;1&#8243; custom_padding_last_edited=&raquo;on|phone&raquo; disabled_on=&raquo;off|off|off&raquo; _builder_version=&raquo;4.16&#8243; _module_preset=&raquo;default&raquo; custom_padding=&raquo;||||false|false&raquo; custom_padding_tablet=&raquo;0px||||false|false&raquo; custom_padding_phone=&raquo;&raquo; locked=&raquo;off&raquo; global_colors_info=&raquo;{}&raquo;][et_pb_row custom_padding_last_edited=&raquo;on|phone&raquo; module_class=&raquo;artikkelside-column&raquo; _builder_version=&raquo;4.27.4&#8243; _module_preset=&raquo;default&raquo; width_tablet=&raquo;&raquo; width_phone=&raquo;100%&raquo; width_last_edited=&raquo;on|phone&raquo; max_width=&raquo;550px&raquo; custom_padding_tablet=&raquo;&raquo; custom_padding_phone=&raquo;|16px||16px|false|false&raquo; global_colors_info=&raquo;{}&raquo;][et_pb_column type=&raquo;4_4&#8243; _builder_version=&raquo;4.16&#8243; _module_preset=&raquo;default&raquo; global_colors_info=&raquo;{}&raquo;][et_pb_code _builder_version=&raquo;4.27.4&#8243; _module_preset=&raquo;default&raquo; global_colors_info=&raquo;{}&raquo;]<\/p>\n<nav aria-label=\"br\u00f8dsmulesti\"><span><span><a href=\"https:\/\/www.sua.no\/\">Forside<\/a><\/span><\/span><\/nav>\n<p>[\/et_pb_code][et_pb_text _builder_version=&raquo;4.16&#8243; _module_preset=&raquo;default&raquo; header_line_height=&raquo;1.2em&raquo; custom_margin=&raquo;||||false|false&raquo; custom_margin_tablet=&raquo;&raquo; custom_margin_phone=&raquo;||||false|false&raquo; custom_margin_last_edited=&raquo;on|phone&raquo; header_font_size_tablet=&raquo;&raquo; header_font_size_phone=&raquo;24px&raquo; header_font_size_last_edited=&raquo;on|phone&raquo; global_colors_info=&raquo;{}&raquo;]<\/p>\n<h1><strong>Bestill time hos politiet eller Skatteetaten p\u00e5 SUA<\/strong><\/h1>\n<p>[\/et_pb_text][\/et_pb_column][\/et_pb_row][et_pb_row column_structure=&raquo;1_3,1_3,1_3&#8243; custom_padding_last_edited=&raquo;on|phone&raquo; disabled_on=&raquo;on|on|on&raquo; _builder_version=&raquo;4.16&#8243; _module_preset=&raquo;default&raquo; width_tablet=&raquo;&raquo; width_phone=&raquo;100%&raquo; width_last_edited=&raquo;on|phone&raquo; custom_padding=&raquo;73px||||false|false&raquo; custom_padding_tablet=&raquo;&raquo; custom_padding_phone=&raquo;51px|16px||16px|false|false&raquo; disabled=&raquo;on&raquo; locked=&raquo;off&raquo; global_colors_info=&raquo;{}&raquo;][et_pb_column type=&raquo;1_3&#8243; _builder_version=&raquo;4.16&#8243; _module_preset=&raquo;default&raquo; global_colors_info=&raquo;{}&raquo;][et_pb_text _builder_version=&raquo;4.27.4&#8243; _dynamic_attributes=&raquo;link_option_url&raquo; _module_preset=&raquo;default&raquo; text_text_color=&raquo;#ffffff&raquo; text_font_size=&raquo;20px&raquo; link_font=&raquo;||||on|||rgba(0,0,0,0)|&raquo; link_text_color=&raquo;#ffffff&raquo; background_color=&raquo;#0D739C&raquo; text_orientation=&raquo;center&raquo; custom_padding=&raquo;20px|4px|20px|4px|false|false&raquo; link_option_url=&raquo;@ET-DC@eyJkeW5hbWljIjp0cnVlLCJjb250ZW50IjoicG9zdF9saW5rX3VybF9wYWdlIiwic2V0dGluZ3MiOnsicG9zdF9pZCI6IjEwNDMifX0=@&raquo; border_radii=&raquo;on|10px|10px|10px|10px&raquo; global_colors_info=&raquo;{}&raquo; custom_css_main_element__hover_enabled=&raquo;on|hover&raquo; background_color__hover=&raquo;#114462&#8243; background_enable_color__hover=&raquo;on&raquo; background__hover_enabled=&raquo;on|hover&raquo;]<\/p>\n<p><a href=\"\/bestill-time\/nordisk\/\" role=\"button\">Nordisk<\/a><\/p>\n<p>[\/et_pb_text][\/et_pb_column][et_pb_column type=&raquo;1_3&#8243; _builder_version=&raquo;4.16&#8243; _module_preset=&raquo;default&raquo; global_colors_info=&raquo;{}&raquo;][et_pb_text _builder_version=&raquo;4.27.4&#8243; _dynamic_attributes=&raquo;link_option_url&raquo; _module_preset=&raquo;default&raquo; text_font=&raquo;||||on||||&raquo; text_text_color=&raquo;#ffffff&raquo; text_font_size=&raquo;20px&raquo; link_text_color=&raquo;#ffffff&raquo; background_color=&raquo;#114462&#8243; text_orientation=&raquo;center&raquo; custom_padding=&raquo;20px|4px|20px|4px|false|false&raquo; link_option_url=&raquo;@ET-DC@eyJkeW5hbWljIjp0cnVlLCJjb250ZW50IjoicG9zdF9saW5rX3VybF9wYWdlIiwic2V0dGluZ3MiOnsicG9zdF9pZCI6Ijk5MSJ9fQ==@&raquo; border_radii=&raquo;on|10px|10px|10px|10px&raquo; global_colors_info=&raquo;{}&raquo; custom_css_main_element__hover_enabled=&raquo;on|desktop&raquo; background_color__hover=&raquo;#114462&#8243; background_enable_color__hover=&raquo;on&raquo; background__hover_enabled=&raquo;on|hover&raquo;]<\/p>\n<p><a href=\"\/bestill-time\/eu-eos\/\" role=\"button\">EU\/E\u00d8S<\/a><\/p>\n<p>[\/et_pb_text][\/et_pb_column][et_pb_column type=&raquo;1_3&#8243; _builder_version=&raquo;4.16&#8243; _module_preset=&raquo;default&raquo; global_colors_info=&raquo;{}&raquo;][et_pb_text _builder_version=&raquo;4.16&#8243; _dynamic_attributes=&raquo;link_option_url&raquo; _module_preset=&raquo;default&raquo; text_text_color=&raquo;#ffffff&raquo; text_font_size=&raquo;20px&raquo; link_font=&raquo;||||on|||rgba(0,0,0,0)|&raquo; link_text_color=&raquo;#ffffff&raquo; background_color=&raquo;#0D739C&raquo; text_orientation=&raquo;center&raquo; custom_padding=&raquo;20px|4px|20px|4px|false|false&raquo; link_option_url=&raquo;@ET-DC@eyJkeW5hbWljIjp0cnVlLCJjb250ZW50IjoicG9zdF9saW5rX3VybF9wYWdlIiwic2V0dGluZ3MiOnsicG9zdF9pZCI6Ijk3OSJ9fQ==@&raquo; border_radii=&raquo;on|10px|10px|10px|10px&raquo; global_colors_info=&raquo;{}&raquo; custom_css_main_element__hover_enabled=&raquo;on|hover&raquo; background_color__hover=&raquo;#114462&#8243; background_enable_color__hover=&raquo;on&raquo; background__hover_enabled=&raquo;on|hover&raquo;]<\/p>\n<p><a href=\"\/bestill-time\/ikke-eu-eos\/\" role=\"button\">Ikke EU\/E\u00d8S<\/a><\/p>\n<p>[\/et_pb_text][\/et_pb_column][\/et_pb_row][\/et_pb_section][et_pb_section fb_built=&raquo;1&#8243; custom_padding_last_edited=&raquo;on|phone&raquo; _builder_version=&raquo;4.16&#8243; _module_preset=&raquo;default&raquo; custom_padding=&raquo;||||false|false&raquo; custom_padding_tablet=&raquo;0px||||false|false&raquo; custom_padding_phone=&raquo;&raquo; global_colors_info=&raquo;{}&raquo;][et_pb_row custom_padding_last_edited=&raquo;on|phone&raquo; module_class=&raquo;artikkelside-column&raquo; _builder_version=&raquo;4.27.4&#8243; _module_preset=&raquo;default&raquo; width_tablet=&raquo;&raquo; width_phone=&raquo;100%&raquo; width_last_edited=&raquo;on|phone&raquo; max_width=&raquo;550px&raquo; custom_padding=&raquo;0px||0px||false|false&raquo; custom_padding_tablet=&raquo;&raquo; custom_padding_phone=&raquo;0px|16px|0px|16px|false|false&raquo; global_colors_info=&raquo;{}&raquo;][et_pb_column type=&raquo;4_4&#8243; _builder_version=&raquo;4.27.0&#8243; _module_preset=&raquo;default&raquo; global_colors_info=&raquo;{}&raquo;][et_pb_text module_class=&raquo;veiviser-innhold&raquo; _builder_version=&raquo;4.27.4&#8243; _module_preset=&raquo;default&raquo; text_line_height=&raquo;1.5em&raquo; header_2_font_size=&raquo;24px&raquo; custom_margin_tablet=&raquo;&raquo; custom_margin_phone=&raquo;12px||12px||false|false&raquo; custom_margin_last_edited=&raquo;on|phone&raquo; custom_padding=&raquo;||0px|||&raquo; header_2_font_size_tablet=&raquo;&raquo; header_2_font_size_phone=&raquo;20px&raquo; header_2_font_size_last_edited=&raquo;on|phone&raquo; locked=&raquo;off&raquo; global_colors_info=&raquo;{}&raquo;]<\/p>\n<h2>Politiet p\u00e5 SUA<\/h2>\n<p>[\/et_pb_text][et_pb_toggle title=&raquo;Du m\u00e5 f\u00e5 registreringsbevis hvis du skal v\u00e6re i Norge over 3 m\u00e5neder&raquo; icon_color=&raquo;#114462&#8243; toggle_icon=&raquo;&#x33;||divi||400&#8243; use_icon_font_size=&raquo;on&raquo; icon_font_size=&raquo;28px&raquo; open_icon_color=&raquo;#114462&#8243; open_toggle_icon=&raquo;&#x32;||divi||400&#8243; open_use_icon_font_size=&raquo;on&raquo; open_icon_font_size=&raquo;28px&raquo; module_class=&raquo;custom-icon artikkelside-text faktaboks-dropdown&raquo; _builder_version=&raquo;4.27.4&#8243; _module_preset=&raquo;default&raquo; title_level=&raquo;h3&#8243; title_font=&raquo;|700|||||||&raquo; body_text_color=&raquo;#2b2e34&#8243; background_color=&raquo;#ffffff&raquo; custom_padding=&raquo;||20px||false|false&raquo; global_colors_info=&raquo;{}&raquo; open_toggle_text_color__hover=&raquo;#0D739C&raquo; open_toggle_text_color__hover_enabled=&raquo;on|hover&raquo; closed_toggle_text_color__hover=&raquo;#0D739C&raquo; closed_toggle_text_color__hover_enabled=&raquo;on|hover&raquo; title_text_color__hover=&raquo;#0D739C&raquo; title_text_color__hover_enabled=&raquo;on|hover&raquo;]<\/p>\n<p>For \u00e5 f\u00e5 registreringsbevis m\u00e5 du registrere deg og bestille time hos politiet.<\/p>\n<p>Etter timen din hos politiet p\u00e5 SUA vil du bli sendt videre til Skatteetaten sin skranke hvis du trenger det. Du trenger ikke \u00e5 bestille egen time hos Skatteetaten.<\/p>\n<p>Noen SUA-kontor har dessverre <a href=\"https:\/\/www.politiet.no\/tjenester\/opphold-i-norge-og-asyl\/ventetider\" target=\"_blank\" rel=\"noopener\">lang ventetid<\/a> for timer til E\u00d8S-registreringer. Hvis du er EU\/E\u00d8S-borger, vil du likevel ha lovlig opphold i Norge utover tre m\u00e5neder hvis du bruker dine E\u00d8S-rettigheter. Dette gjelder for eksempel hvis du har en jobb i Norge. Du kan bestille time hos Skatteetaten for \u00e5 s\u00f8ke om skattekort selv om du ikke har f\u00e5tt et registreringsbevis enda.<\/p>\n<p>[\/et_pb_toggle][et_pb_button button_url=&raquo;https:\/\/www.udi.no\/skal-soke\/opphold-etter-eueos-regelverket\/&raquo; url_new_window=&raquo;on&raquo; button_text=&raquo;Bestill time hos politiet via UDI sine sider&raquo; module_class=&raquo;primary_button&raquo; _builder_version=&raquo;4.27.4&#8243; _module_preset=&raquo;default&raquo; global_colors_info=&raquo;{}&raquo;][\/et_pb_button][\/et_pb_column][\/et_pb_row][et_pb_row custom_padding_last_edited=&raquo;on|phone&raquo; module_class=&raquo;artikkelside-column&raquo; _builder_version=&raquo;4.27.4&#8243; _module_preset=&raquo;default&raquo; width_tablet=&raquo;&raquo; width_phone=&raquo;100%&raquo; width_last_edited=&raquo;on|phone&raquo; max_width=&raquo;550px&raquo; custom_margin=&raquo;30px||||false|false&raquo; custom_padding=&raquo;0px||0px||false|false&raquo; custom_padding_tablet=&raquo;&raquo; custom_padding_phone=&raquo;0px|16px|0px|16px|false|false&raquo; locked=&raquo;off&raquo; global_colors_info=&raquo;{}&raquo;][et_pb_column type=&raquo;4_4&#8243; _builder_version=&raquo;4.16&#8243; _module_preset=&raquo;default&raquo; global_colors_info=&raquo;{}&raquo;][et_pb_text module_class=&raquo;veiviser-innhold&raquo; _builder_version=&raquo;4.27.4&#8243; _module_preset=&raquo;default&raquo; text_line_height=&raquo;1.5em&raquo; header_2_font_size=&raquo;24px&raquo; custom_margin=&raquo;||||false|false&raquo; custom_margin_tablet=&raquo;&raquo; custom_margin_phone=&raquo;12px||12px||false|false&raquo; custom_margin_last_edited=&raquo;on|phone&raquo; custom_padding=&raquo;||0px|||&raquo; header_2_font_size_tablet=&raquo;&raquo; header_2_font_size_phone=&raquo;20px&raquo; header_2_font_size_last_edited=&raquo;on|phone&raquo; global_colors_info=&raquo;{}&raquo;]<\/p>\n<h2>Skatteetaten p\u00e5 SUA<\/h2>\n<p>[\/et_pb_text][et_pb_toggle title=&raquo;Du m\u00e5 s\u00f8ke om skattekort hvis du skal jobbe&raquo; icon_color=&raquo;gcid-heading-color&raquo; toggle_icon=&raquo;&#x33;||divi||400&#8243; use_icon_font_size=&raquo;on&raquo; icon_font_size=&raquo;28px&raquo; open_icon_color=&raquo;#114462&#8243; open_toggle_icon=&raquo;&#x32;||divi||400&#8243; open_use_icon_font_size=&raquo;on&raquo; open_icon_font_size=&raquo;28px&raquo; module_class=&raquo;custom-icon faktaboks-dropdown artikkelside-text&raquo; _builder_version=&raquo;4.27.4&#8243; _module_preset=&raquo;default&raquo; title_level=&raquo;h3&#8243; title_font=&raquo;|700|||||||&raquo; body_text_color=&raquo;#2b2e34&#8243; background_color=&raquo;#ffffff&raquo; custom_padding=&raquo;||20px||false|false&raquo; hover_enabled=&raquo;0&#8243; global_colors_info=&raquo;{%22gcid-heading-color%22:%91%22icon_color%22%93}&raquo; open_toggle_text_color__hover=&raquo;#0D739C&raquo; open_toggle_text_color__hover_enabled=&raquo;on|hover&raquo; closed_toggle_text_color__hover=&raquo;#0D739C&raquo; closed_toggle_text_color__hover_enabled=&raquo;on|hover&raquo; title_text_color__hover=&raquo;#0D739C&raquo; title_text_color__hover_enabled=&raquo;on|hover&raquo; sticky_enabled=&raquo;0&#8243;]<\/p>\n<p><b>Du m\u00e5 ha med deg<\/b><\/p>\n<p><b><\/b><\/p>\n<ul>\n<li>pass eller nasjonalt ID-kort<\/li>\n<li>ferdig utfylt <a href=\"https:\/\/www.skatteetaten.no\/globalassets\/skjema\/2026\/RF1209B-2025_3.pdf\" target=\"_blank\" rel=\"noopener noreferrer\">RF-1209 S\u00f8knad om skattekort for utenlandske borgere<\/a><span>. <\/span><span>Hvis arbeidsgiveren din har s\u00f8kt for deg, trenger du ikke \u00e5 fylle ut dette skjemaet.<\/span><\/li>\n<li>arbeidskontrakt eller skriftlig arbeidstilbud\n<ul>\n<li>hvis du jobber i et EU\/E\u00d8S-foretak og er sendt p\u00e5 oppdrag i Norge, m\u00e5 du ogs\u00e5 ha med deg oppdragskontrakt<\/li>\n<\/ul>\n<\/li>\n<\/ul>\n<p>[\/et_pb_toggle][et_pb_toggle title=&raquo;Du m\u00e5 p\u00e5 ID-kontroll hvis du skal drive n\u00e6ringsvirksomhet&raquo; icon_color=&raquo;#114462&#8243; toggle_icon=&raquo;&#x33;||divi||400&#8243; use_icon_font_size=&raquo;on&raquo; icon_font_size=&raquo;28px&raquo; open_icon_color=&raquo;#114462&#8243; open_toggle_icon=&raquo;&#x32;||divi||400&#8243; open_use_icon_font_size=&raquo;on&raquo; open_icon_font_size=&raquo;28px&raquo; module_class=&raquo;custom-icon faktaboks-dropdown artikkelside-text&raquo; _builder_version=&raquo;4.27.4&#8243; _module_preset=&raquo;default&raquo; title_level=&raquo;h3&#8243; title_font=&raquo;|700|||||||&raquo; body_text_color=&raquo;#2b2e34&#8243; background_color=&raquo;#ffffff&raquo; custom_padding=&raquo;||20px||false|false&raquo; global_colors_info=&raquo;{}&raquo; open_toggle_text_color__hover=&raquo;#0D739C&raquo; open_toggle_text_color__hover_enabled=&raquo;on|hover&raquo; closed_toggle_text_color__hover=&raquo;#0D739C&raquo; closed_toggle_text_color__hover_enabled=&raquo;on|hover&raquo; title_text_color__hover=&raquo;#0D739C&raquo; title_text_color__hover_enabled=&raquo;on|hover&raquo;]<\/p>\n<p><strong>Du m\u00e5 ha med deg<\/strong><\/p>\n<p><strong><\/strong><\/p>\n<ul>\n<li>pass eller nasjonalt ID-kort<\/li>\n<\/ul>\n<p>[\/et_pb_toggle][et_pb_toggle title=&raquo;Du m\u00e5 melde flytting hvis du skal v\u00e6re i Norge over 6 m\u00e5neder&raquo; icon_color=&raquo;#114462&#8243; toggle_icon=&raquo;&#x33;||divi||400&#8243; use_icon_font_size=&raquo;on&raquo; icon_font_size=&raquo;28px&raquo; open_icon_color=&raquo;#114462&#8243; open_toggle_icon=&raquo;&#x32;||divi||400&#8243; open_use_icon_font_size=&raquo;on&raquo; open_icon_font_size=&raquo;28px&raquo; module_class=&raquo;custom-icon faktaboks-dropdown artikkelside-text&raquo; _builder_version=&raquo;4.27.4&#8243; _module_preset=&raquo;default&raquo; title_level=&raquo;h3&#8243; title_font=&raquo;|700|||||||&raquo; body_text_color=&raquo;#2b2e34&#8243; background_color=&raquo;#ffffff&raquo; custom_padding=&raquo;||20px||false|false&raquo; global_colors_info=&raquo;{}&raquo; open_toggle_text_color__hover=&raquo;#0D739C&raquo; open_toggle_text_color__hover_enabled=&raquo;on|hover&raquo; closed_toggle_text_color__hover=&raquo;#0D739C&raquo; closed_toggle_text_color__hover_enabled=&raquo;on|hover&raquo; title_text_color__hover=&raquo;#0D739C&raquo; title_text_color__hover_enabled=&raquo;on|hover&raquo;]<\/p>\n<p><strong>Du m\u00e5 ha med deg<\/strong><\/p>\n<p><strong><\/strong><\/p>\n<ul>\n<li>pass eller nasjonalt ID-kort<\/li>\n<li>ferdig utfylt <a href=\"https:\/\/www.skatteetaten.no\/globalassets\/skjema\/alltid\/rf1401_2024b.pdf\" target=\"_blank\" rel=\"noopener noreferrer\">RF-1401\u00a0Melding om flytting til Norge<\/a><\/li>\n<li>dokumentasjon p\u00e5 at du har oppholdsrett i Norge i minst 6 m\u00e5neder, for eksempel registreringsbevis fra politiet. Hvis du ikke har registreringsbevis enda eller registreringsbeviset er eldre enn 30 dager, m\u00e5 du ha med dokumentasjon p\u00e5 at du har oppholdsrett i Norge. Se hva du kan bruke som\u00a0<a href=\"https:\/\/www.udi.no\/ord-og-begreper\/sjekklister-som-forklarer-hvilke-dokumenter-du-ma-levere-med-soknaden\/#link-5412\" target=\"_blank\" rel=\"noopener noreferrer\">dokumentasjon p\u00e5 oppholdsrett i UDI sine sjekklister<\/a>.<\/li>\n<li>dokumentasjon p\u00e5 at du skal v\u00e6re i Norge i minst 6 m\u00e5neder, for eksempel\n<ul>\n<li>kontrakt p\u00e5 kj\u00f8p eller leie av bolig<\/li>\n<li>arbeidskontrakt<\/li>\n<li>oppdragsbekreftelse fra et bemanningsbyr\u00e5<\/li>\n<li>studiebekreftelse<\/li>\n<\/ul>\n<p>Hvis dokumentasjonen din er eldre enn 3 m\u00e5neder, b\u00f8r du ta med bekreftelse p\u00e5 at den fortsatt er gyldig.<\/p>\n<\/li>\n<\/ul>\n<p>[\/et_pb_toggle][et_pb_button button_url=&raquo;https:\/\/www.skatteetaten.no\/kontakt\/kontor\/bestill-tid\/&raquo; url_new_window=&raquo;on&raquo; button_text=&raquo;Bestill time hos Skatteetaten&raquo; module_class=&raquo;primary_button&raquo; _builder_version=&raquo;4.27.4&#8243; _module_preset=&raquo;default&raquo; global_colors_info=&raquo;{}&raquo;][\/et_pb_button][\/et_pb_column][\/et_pb_row][\/et_pb_section]<\/p>\n","protected":false},"excerpt":{"rendered":"<p><span><span><a href=\"https:\/\/www.sua.no\/\">Forside<\/a><\/span><\/span>Bestill time hos politiet eller Skatteetaten p\u00e5 SUANordiskEU\/E\u00d8SIkke EU\/E\u00d8SPolitiet p\u00e5 SUAFor \u00e5 f\u00e5 registreringsbevis m\u00e5 du registrere deg og bestille time hos politiet. Etter timen din hos politiet p\u00e5 SUA vil du bli sendt videre til Skatteetaten sin skranke hvis du trenger det. Du trenger ikke \u00e5 bestille egen time hos Skatteetaten. Noen SUA-kontor har [&hellip;]<\/p>\n","protected":false},"author":15,"featured_media":0,"parent":313,"menu_order":0,"comment_status":"closed","ping_status":"closed","template":"","meta":{"_et_pb_use_builder":"on","_et_pb_old_content":"","_et_gb_content_width":"","footnotes":""},"class_list":["post-991","page","type-page","status-publish","hentry"],"yoast_head":"<!-- This site is optimized with the Yoast SEO plugin v27.2 - https:\/\/yoast.com\/product\/yoast-seo-wordpress\/ -->\n<title>Bestill time | EU\/E\u00d8S statsborger | SUA<\/title>\n<meta name=\"description\" content=\"Bestill time hos politiet eller Skatteetaten p\u00e5 SUA. Dette er dokumentasjonen du som EU\/E\u00d8S statsborger m\u00e5 ha med deg til timen.\" \/>\n<meta name=\"robots\" content=\"index, follow, max-snippet:-1, max-image-preview:large, max-video-preview:-1\" \/>\n<link rel=\"canonical\" href=\"https:\/\/www.sua.no\/pl\/umow-sie-na-wizyte\/ue-eog\/\" \/>\n<meta property=\"og:locale\" content=\"pl_PL\" \/>\n<meta property=\"og:type\" content=\"article\" \/>\n<meta property=\"og:title\" content=\"Bestill time | EU\/E\u00d8S statsborger | SUA\" \/>\n<meta property=\"og:description\" content=\"Bestill time hos politiet eller Skatteetaten p\u00e5 SUA. Dette er dokumentasjonen du som EU\/E\u00d8S statsborger m\u00e5 ha med deg til timen.\" \/>\n<meta property=\"og:url\" content=\"https:\/\/www.sua.no\/pl\/umow-sie-na-wizyte\/ue-eog\/\" \/>\n<meta property=\"og:site_name\" content=\"SUA\" \/>\n<meta property=\"article:modified_time\" content=\"2025-12-04T09:15:23+00:00\" \/>\n<meta property=\"og:image\" content=\"https:\/\/www.sua.no\/wp-content\/uploads\/2025\/03\/Bilde-til-banner-forside-scaled.jpg\" \/>\n\t<meta property=\"og:image:width\" content=\"2560\" \/>\n\t<meta property=\"og:image:height\" content=\"1707\" \/>\n\t<meta property=\"og:image:type\" content=\"image\/jpeg\" \/>\n<meta name=\"twitter:card\" content=\"summary_large_image\" \/>\n<meta name=\"twitter:image\" content=\"https:\/\/www.sua.no\/wp-content\/uploads\/2025\/03\/Bilde-til-banner-forside-scaled.jpg\" \/>\n<meta name=\"twitter:label1\" content=\"Szacowany czas czytania\" \/>\n\t<meta name=\"twitter:data1\" content=\"2 minuty\" \/>\n<script type=\"application\/ld+json\" class=\"yoast-schema-graph\">{\"@context\":\"https:\/\/schema.org\",\"@graph\":[{\"@type\":\"WebPage\",\"@id\":\"https:\/\/www.sua.no\/bestill-time\/eu-eos\/\",\"url\":\"https:\/\/www.sua.no\/bestill-time\/eu-eos\/\",\"name\":\"Bestill time | EU\/E\u00d8S statsborger | SUA\",\"isPartOf\":{\"@id\":\"https:\/\/www.sua.no\/en\/#website\"},\"datePublished\":\"2021-02-04T11:41:55+00:00\",\"dateModified\":\"2025-12-04T09:15:23+00:00\",\"description\":\"Bestill time hos politiet eller Skatteetaten p\u00e5 SUA. Dette er dokumentasjonen du som EU\/E\u00d8S statsborger m\u00e5 ha med deg til timen.\",\"breadcrumb\":{\"@id\":\"https:\/\/www.sua.no\/bestill-time\/eu-eos\/#breadcrumb\"},\"inLanguage\":\"pl-PL\",\"potentialAction\":[{\"@type\":\"ReadAction\",\"target\":[\"https:\/\/www.sua.no\/bestill-time\/eu-eos\/\"]}]},{\"@type\":\"BreadcrumbList\",\"@id\":\"https:\/\/www.sua.no\/bestill-time\/eu-eos\/#breadcrumb\",\"itemListElement\":[{\"@type\":\"ListItem\",\"position\":1,\"name\":\"Forside\",\"item\":\"https:\/\/www.sua.no\/\"},{\"@type\":\"ListItem\",\"position\":2,\"name\":\"Bestill time\",\"item\":\"https:\/\/www.sua.no\/bestill-time\/\"},{\"@type\":\"ListItem\",\"position\":3,\"name\":\"EU\/E\u00d8S\"}]},{\"@type\":\"WebSite\",\"@id\":\"https:\/\/www.sua.no\/en\/#website\",\"url\":\"https:\/\/www.sua.no\/en\/\",\"name\":\"SUA\",\"description\":\"Servicesenter for utenlandske arbeidstakere\",\"publisher\":{\"@id\":\"https:\/\/www.sua.no\/en\/#organization\"},\"potentialAction\":[{\"@type\":\"SearchAction\",\"target\":{\"@type\":\"EntryPoint\",\"urlTemplate\":\"https:\/\/www.sua.no\/en\/?s={search_term_string}\"},\"query-input\":{\"@type\":\"PropertyValueSpecification\",\"valueRequired\":true,\"valueName\":\"search_term_string\"}}],\"inLanguage\":\"pl-PL\"},{\"@type\":\"Organization\",\"@id\":\"https:\/\/www.sua.no\/en\/#organization\",\"name\":\"Servicesenter for utenlandske arbeidstakere\",\"url\":\"https:\/\/www.sua.no\/en\/\",\"logo\":{\"@type\":\"ImageObject\",\"inLanguage\":\"pl-PL\",\"@id\":\"https:\/\/www.sua.no\/en\/#\/schema\/logo\/image\/\",\"url\":\"https:\/\/www.sua.no\/wp-content\/uploads\/2021\/04\/SUA-logo-NO-uten-luft-1.png\",\"contentUrl\":\"https:\/\/www.sua.no\/wp-content\/uploads\/2021\/04\/SUA-logo-NO-uten-luft-1.png\",\"width\":541,\"height\":119,\"caption\":\"Servicesenter for utenlandske arbeidstakere\"},\"image\":{\"@id\":\"https:\/\/www.sua.no\/en\/#\/schema\/logo\/image\/\"}}]}<\/script>\n<!-- \/ Yoast SEO plugin. -->","yoast_head_json":{"title":"Um\u00f3w si\u0119 na wizyt\u0119 | Obywatel UE\/EOG | SUA","description":"Um\u00f3w si\u0119 na wizyt\u0119 w Urz\u0119dzie Podatkowym lub Policji w SUA. Tutaj znajdziesz list\u0119 dokument\u00f3w, jakie obywatele UE\/EOG musz\u0105 przynie\u015b\u0107 na spotkanie.","robots":{"index":"index","follow":"follow","max-snippet":"max-snippet:-1","max-image-preview":"max-image-preview:large","max-video-preview":"max-video-preview:-1"},"canonical":"https:\/\/www.sua.no\/pl\/umow-sie-na-wizyte\/ue-eog\/","og_locale":"pl_PL","og_type":"article","og_title":"Bestill time | EU\/E\u00d8S statsborger | SUA","og_description":"Bestill time hos politiet eller Skatteetaten p\u00e5 SUA. Dette er dokumentasjonen du som EU\/E\u00d8S statsborger m\u00e5 ha med deg til timen.","og_url":"https:\/\/www.sua.no\/pl\/umow-sie-na-wizyte\/ue-eog\/","og_site_name":"SUA","article_modified_time":"2025-12-04T09:15:23+00:00","og_image":[{"width":2560,"height":1707,"url":"https:\/\/www.sua.no\/wp-content\/uploads\/2025\/03\/Bilde-til-banner-forside-scaled.jpg","type":"image\/jpeg"}],"twitter_card":"summary_large_image","twitter_image":"https:\/\/www.sua.no\/wp-content\/uploads\/2025\/03\/Bilde-til-banner-forside-scaled.jpg","twitter_misc":{"Szacowany czas czytania":"2 minuty"},"schema":{"@context":"https:\/\/schema.org","@graph":[{"@type":"WebPage","@id":"https:\/\/www.sua.no\/bestill-time\/eu-eos\/","url":"https:\/\/www.sua.no\/bestill-time\/eu-eos\/","name":"Um\u00f3w si\u0119 na wizyt\u0119 | Obywatel UE\/EOG | SUA","isPartOf":{"@id":"https:\/\/www.sua.no\/en\/#website"},"datePublished":"2021-02-04T11:41:55+00:00","dateModified":"2025-12-04T09:15:23+00:00","description":"Um\u00f3w si\u0119 na wizyt\u0119 w Urz\u0119dzie Podatkowym lub Policji w SUA. Tutaj znajdziesz list\u0119 dokument\u00f3w, jakie obywatele UE\/EOG musz\u0105 przynie\u015b\u0107 na spotkanie.","breadcrumb":{"@id":"https:\/\/www.sua.no\/bestill-time\/eu-eos\/#breadcrumb"},"inLanguage":"pl-PL","potentialAction":[{"@type":"ReadAction","target":["https:\/\/www.sua.no\/bestill-time\/eu-eos\/"]}]},{"@type":"BreadcrumbList","@id":"https:\/\/www.sua.no\/bestill-time\/eu-eos\/#breadcrumb","itemListElement":[{"@type":"ListItem","position":1,"name":"Forside","item":"https:\/\/www.sua.no\/"},{"@type":"ListItem","position":2,"name":"Bestill time","item":"https:\/\/www.sua.no\/bestill-time\/"},{"@type":"ListItem","position":3,"name":"EU\/E\u00d8S"}]},{"@type":"WebSite","@id":"https:\/\/www.sua.no\/en\/#website","url":"https:\/\/www.sua.no\/en\/","name":"SUA","description":"Servicesenter for utenlandske arbeidstakere","publisher":{"@id":"https:\/\/www.sua.no\/en\/#organization"},"potentialAction":[{"@type":"SearchAction","target":{"@type":"EntryPoint","urlTemplate":"https:\/\/www.sua.no\/en\/?s={search_term_string}"},"query-input":{"@type":"PropertyValueSpecification","valueRequired":true,"valueName":"search_term_string"}}],"inLanguage":"pl-PL"},{"@type":"Organization","@id":"https:\/\/www.sua.no\/en\/#organization","name":"Servicesenter for utenlandske arbeidstakere","url":"https:\/\/www.sua.no\/en\/","logo":{"@type":"ImageObject","inLanguage":"pl-PL","@id":"https:\/\/www.sua.no\/en\/#\/schema\/logo\/image\/","url":"https:\/\/www.sua.no\/wp-content\/uploads\/2021\/04\/SUA-logo-NO-uten-luft-1.png","contentUrl":"https:\/\/www.sua.no\/wp-content\/uploads\/2021\/04\/SUA-logo-NO-uten-luft-1.png","width":541,"height":119,"caption":"Servicesenter for utenlandske arbeidstakere"},"image":{"@id":"https:\/\/www.sua.no\/en\/#\/schema\/logo\/image\/"}}]}},"_links":{"self":[{"href":"https:\/\/www.sua.no\/pl\/wp-json\/wp\/v2\/pages\/991","targetHints":{"allow":["GET"]}}],"collection":[{"href":"https:\/\/www.sua.no\/pl\/wp-json\/wp\/v2\/pages"}],"about":[{"href":"https:\/\/www.sua.no\/pl\/wp-json\/wp\/v2\/types\/page"}],"author":[{"embeddable":true,"href":"https:\/\/www.sua.no\/pl\/wp-json\/wp\/v2\/users\/15"}],"replies":[{"embeddable":true,"href":"https:\/\/www.sua.no\/pl\/wp-json\/wp\/v2\/comments?post=991"}],"version-history":[{"count":135,"href":"https:\/\/www.sua.no\/pl\/wp-json\/wp\/v2\/pages\/991\/revisions"}],"predecessor-version":[{"id":8568,"href":"https:\/\/www.sua.no\/pl\/wp-json\/wp\/v2\/pages\/991\/revisions\/8568"}],"up":[{"embeddable":true,"href":"https:\/\/www.sua.no\/pl\/wp-json\/wp\/v2\/pages\/313"}],"wp:attachment":[{"href":"https:\/\/www.sua.no\/pl\/wp-json\/wp\/v2\/media?parent=991"}],"curies":[{"name":"wp","href":"https:\/\/api.w.org\/{rel}","templated":true}]}}