{"id":105,"date":"2020-10-08T12:46:52","date_gmt":"2020-10-08T12:46:52","guid":{"rendered":"https:\/\/www.sua.no\/v2\/?page_id=105"},"modified":"2026-02-26T07:14:55","modified_gmt":"2026-02-26T07:14:55","slug":"forside","status":"publish","type":"page","link":"https:\/\/www.sua.no\/lt\/","title":{"rendered":"Pagrindinis"},"content":{"rendered":"<p>[et_pb_section fb_built=&raquo;1&#8243; disabled_on=&raquo;on|on|off&raquo; _builder_version=&raquo;4.27.4&#8243; _module_preset=&raquo;default&raquo; background_color=&raquo;rgba(191,187,152,0.2)&raquo; min_height=&raquo;406.9px&raquo; custom_margin=&raquo;||24px|||&raquo; custom_padding=&raquo;26px||26px|||&raquo; custom_css_main_element=&raquo;padding-left: 0px !important;&raquo; global_colors_info=&raquo;{}&raquo;][et_pb_row column_structure=&raquo;1_2,1_2&#8243; module_class=&raquo;frontpage-bestill-time-section&raquo; _builder_version=&raquo;4.27.4&#8243; _module_preset=&raquo;default&raquo; min_height=&raquo;362.9px&raquo; custom_margin=&raquo;|auto|0px|auto|false|false&raquo; global_colors_info=&raquo;{}&raquo;][et_pb_column type=&raquo;1_2&#8243; _builder_version=&raquo;4.27.4&#8243; _module_preset=&raquo;default&raquo; global_colors_info=&raquo;{}&raquo;][et_pb_image src=&raquo;https:\/\/www.sua.no\/wp-content\/uploads\/2025\/03\/Bilde-til-banner-forside-scaled.jpg&raquo; alt=&raquo;Portrait of a Fisherwoman&raquo; title_text=&raquo;Portrait of a Fisherwoman&raquo; _builder_version=&raquo;4.27.4&#8243; _module_preset=&raquo;default&raquo; module_alignment=&raquo;center&raquo; border_radii=&raquo;on|24px|24px|24px|24px&raquo; global_colors_info=&raquo;{}&raquo;][\/et_pb_image][\/et_pb_column][et_pb_column type=&raquo;1_2&#8243; _builder_version=&raquo;4.27.4&#8243; _module_preset=&raquo;default&raquo; global_colors_info=&raquo;{}&raquo;][et_pb_code module_class=&raquo;frontpage-first-section&raquo; _builder_version=&raquo;4.27.4&#8243; _module_preset=&raquo;default&raquo; background_color=&raquo;RGBA(255,255,255,0)&raquo; width=&raquo;100%&raquo; custom_padding=&raquo;||0px|0px||&raquo; custom_css_main_element=&raquo;||&raquo; global_colors_info=&raquo;{}&raquo;]<!-- [et_pb_line_break_holder] -->  <pee style=\"font-size: 23px; margin-bottom: 20px;\"><!-- [et_pb_line_break_holder] -->   P\u00e5 SUA hjelper Arbeidstilsynet, Skatteetaten og politiet deg med alt du trenger for \u00e5 jobbe i Norge.<!-- [et_pb_line_break_holder] -->  <\/pee><!-- [et_pb_line_break_holder] -->  <a class=\"link-button\" href=\"\/bestill-time\/\"><!-- [et_pb_line_break_holder] -->    Bestill time<!-- [et_pb_line_break_holder] -->  <\/a><!-- [et_pb_line_break_holder] -->[\/et_pb_code][\/et_pb_column][\/et_pb_row][\/et_pb_section][et_pb_section fb_built=&raquo;1&#8243; disabled_on=&raquo;off|off|on&raquo; _builder_version=&raquo;4.27.4&#8243; _module_preset=&raquo;default&raquo; background_color=&raquo;rgba(191,187,152,0.2)&raquo; min_height=&raquo;406.9px&raquo; custom_margin=&raquo;||24px|||&raquo; custom_padding=&raquo;26px||26px|||&raquo; global_colors_info=&raquo;{}&raquo;][et_pb_row column_structure=&raquo;1_2,1_2&#8243; _builder_version=&raquo;4.27.4&#8243; _module_preset=&raquo;default&raquo; min_height=&raquo;362.9px&raquo; custom_margin=&raquo;|auto|0px|auto|false|false&raquo; global_colors_info=&raquo;{}&raquo;][et_pb_column type=&raquo;1_2&#8243; _builder_version=&raquo;4.27.4&#8243; _module_preset=&raquo;default&raquo; global_colors_info=&raquo;{}&raquo;][\/et_pb_column][et_pb_column type=&raquo;1_2&#8243; _builder_version=&raquo;4.27.4&#8243; _module_preset=&raquo;default&raquo; global_colors_info=&raquo;{}&raquo;][et_pb_code module_class=&raquo;frontpage-first-section&raquo; _builder_version=&raquo;4.27.4&#8243; _module_preset=&raquo;default&raquo; background_color=&raquo;RGBA(255,255,255,0)&raquo; width=&raquo;100%&raquo; module_alignment=&raquo;center&raquo; custom_padding=&raquo;||0px|0px||&raquo; custom_css_main_element=&raquo;||&raquo; global_colors_info=&raquo;{}&raquo;]<!-- [et_pb_line_break_holder] -->  <pee style=\"font-size: 23px; margin-bottom: 20px;\"><!-- [et_pb_line_break_holder] -->   P\u00e5 SUA hjelper Arbeidstilsynet, Skatteetaten og politiet deg med alt du trenger for \u00e5 jobbe i Norge.<!-- [et_pb_line_break_holder] -->  <\/pee><!-- [et_pb_line_break_holder] -->  <a class=\"link-button\" href=\"\/bestill-time\/\"><!-- [et_pb_line_break_holder] -->    Bestill time<!-- [et_pb_line_break_holder] -->  <\/a><!-- [et_pb_line_break_holder] -->[\/et_pb_code][et_pb_image src=&raquo;https:\/\/www.sua.no\/wp-content\/uploads\/2025\/03\/Bilde-til-banner-forside-scaled.jpg&raquo; alt=&raquo;Portrait of a Fisherwoman&raquo; title_text=&raquo;Portrait of a Fisherwoman&raquo; _builder_version=&raquo;4.27.4&#8243; _module_preset=&raquo;default&raquo; width=&raquo;70%&raquo; max_width=&raquo;90%&raquo; module_alignment=&raquo;center&raquo; border_radii=&raquo;on|24px|24px|24px|24px&raquo; global_colors_info=&raquo;{}&raquo;][\/et_pb_image][\/et_pb_column][\/et_pb_row][\/et_pb_section][et_pb_section fb_built=&raquo;1&#8243; _builder_version=&raquo;4.27.4&#8243; _module_preset=&raquo;default&raquo; width=&raquo;100%&raquo; global_colors_info=&raquo;{}&raquo;][et_pb_row column_structure=&raquo;1_3,1_3,1_3&#8243; _builder_version=&raquo;4.27.4&#8243; _module_preset=&raquo;default&raquo; max_width=&raquo;900px&raquo; custom_padding=&raquo;|||30px|false|false&raquo; global_colors_info=&raquo;{}&raquo;][et_pb_column type=&raquo;1_3&#8243; _builder_version=&raquo;4.27.4&#8243; _module_preset=&raquo;default&raquo; global_colors_info=&raquo;{}&raquo;][et_pb_code _builder_version=&raquo;4.27.4&#8243; _module_preset=&raquo;default&raquo; global_colors_info=&raquo;{}&raquo;]<a href=\"\/dine-rettigheter\/\" class=\"frontpage-link-cards\"><!-- [et_pb_line_break_holder] -->  <\/p>\n<h2 class=\"frontpage-link-cards-header\"><!-- [et_pb_line_break_holder] -->    Dine rettigheter<!-- [et_pb_line_break_holder] -->  <\/h2>\n<p><!-- [et_pb_line_break_holder] -->  <pee class=\"frontpage-link-cards-content\"><!-- [et_pb_line_break_holder] -->    Dette har du rett til n\u00e5r du jobber i Norge.<!-- [et_pb_line_break_holder] -->  <\/pee><!-- [et_pb_line_break_holder] --><\/a>[\/et_pb_code][\/et_pb_column][et_pb_column type=&raquo;1_3&#8243; _builder_version=&raquo;4.27.4&#8243; _module_preset=&raquo;default&raquo; global_colors_info=&raquo;{}&raquo;][et_pb_code _builder_version=&raquo;4.27.4&#8243; _module_preset=&raquo;default&raquo; global_colors_info=&raquo;{}&raquo;]<a href=\"\/informasjon-til-arbeidsgivere\/\" class=\"frontpage-link-cards\"><!-- [et_pb_line_break_holder] -->  <\/p>\n<h2 class=\"frontpage-link-cards-header\"><!-- [et_pb_line_break_holder] -->    For arbeidsgiver<!-- [et_pb_line_break_holder] -->  <\/h2>\n<p><!-- [et_pb_line_break_holder] -->  <pee class=\"frontpage-link-cards-content\"><!-- [et_pb_line_break_holder] -->    Slik kan du som arbeidsgiver hjelpe dine utenlandske arbeidstakere.<!-- [et_pb_line_break_holder] -->  <\/pee><!-- [et_pb_line_break_holder] --><\/a>[\/et_pb_code][\/et_pb_column][et_pb_column type=&raquo;1_3&#8243; _builder_version=&raquo;4.27.4&#8243; _module_preset=&raquo;default&raquo; global_colors_info=&raquo;{}&raquo;][et_pb_code _builder_version=&raquo;4.27.4&#8243; _module_preset=&raquo;default&raquo; global_colors_info=&raquo;{}&raquo;]<a href=\"\/informasjon-til-naeringsdrivende\/\" class=\"frontpage-link-cards\"><!-- [et_pb_line_break_holder] -->  <\/p>\n<h2 class=\"frontpage-link-cards-header\"><!-- [et_pb_line_break_holder] -->    For n\u00e6ringsdrivende<!-- [et_pb_line_break_holder] -->  <\/h2>\n<p><!-- [et_pb_line_break_holder] -->  <pee class=\"frontpage-link-cards-content\"><!-- [et_pb_line_break_holder] -->    Du kan starte et foretak i Norge hvis du skal drive n\u00e6ringsvirksomhet her.<!-- [et_pb_line_break_holder] -->  <\/pee><!-- [et_pb_line_break_holder] --><\/a>[\/et_pb_code][\/et_pb_column][\/et_pb_row][\/et_pb_section][et_pb_section fb_built=&raquo;1&#8243; disabled_on=&raquo;on|on|off&raquo; _builder_version=&raquo;4.27.4&#8243; _module_preset=&raquo;default&raquo; background_color=&raquo;RGBA(255,255,255,0)&raquo; global_colors_info=&raquo;{}&raquo;][et_pb_row column_structure=&raquo;1_2,1_2&#8243; disabled_on=&raquo;on|on|off&raquo; module_class=&raquo;frontpage-section&raquo; _builder_version=&raquo;4.27.4&#8243; _module_preset=&raquo;default&raquo; width=&raquo;100%&raquo; max_width=&raquo;850px&raquo; custom_margin=&raquo;||20px||false|false&raquo; global_colors_info=&raquo;{}&raquo;][et_pb_column type=&raquo;1_2&#8243; _builder_version=&raquo;4.27.4&#8243; _module_preset=&raquo;default&raquo; global_colors_info=&raquo;{}&raquo;][et_pb_image src=&raquo;https:\/\/www.sua.no\/wp-content\/uploads\/2025\/05\/iStock-519214296-scaled.jpg&raquo; alt=&raquo;Farmer picking strawberries in their own farm.&raquo; module_class=&raquo;frontpage-skattemelding-image&raquo; _builder_version=&raquo;4.27.4&#8243; _module_preset=&raquo;default&raquo; border_radii=&raquo;off|24px|0px|0px|24px&raquo; global_colors_info=&raquo;{}&raquo;][\/et_pb_image][\/et_pb_column][et_pb_column type=&raquo;1_2&#8243; module_class=&raquo;frontpage-skattemelding-text-container&raquo; _builder_version=&raquo;4.27.4&#8243; _module_preset=&raquo;default&raquo; global_colors_info=&raquo;{}&raquo;][et_pb_text module_class=&raquo;text-container&raquo; _builder_version=&raquo;4.27.4&#8243; _module_preset=&raquo;default&raquo; global_colors_info=&raquo;{}&raquo;]<\/p>\n<h3>Sesongarbeider i Norge<\/h3>\n<p>Hvert \u00e5r kommer mange sesongarbeidere til Norge for \u00e5 jobbe i ulike bransjer. Arbeidstilsynet har informasjon p\u00e5 flere spr\u00e5k om rettigheter og regler.\u00a0<\/p>\n<p>[\/et_pb_text][et_pb_button button_url=&raquo;https:\/\/www.arbeidstilsynet.no\/arbeidstid-og-organisering\/knowyourrights-NO\/&raquo; url_new_window=&raquo;on&raquo; button_text=&raquo;Se hva som gjelder&raquo; module_class=&raquo;link-button&raquo; _builder_version=&raquo;4.27.4&#8243; _module_preset=&raquo;default&raquo; custom_padding=&raquo;18px|30px|18px|30px|false|false&raquo; global_colors_info=&raquo;{}&raquo;][\/et_pb_button][\/et_pb_column][\/et_pb_row][\/et_pb_section][et_pb_section fb_built=&raquo;1&#8243; disabled_on=&raquo;off|off|on&raquo; _builder_version=&raquo;4.27.4&#8243; _module_preset=&raquo;default&raquo; background_color=&raquo;#daefff&raquo; custom_margin=&raquo;||-20px||false|false&raquo; custom_padding=&raquo;||||false|false&raquo; global_colors_info=&raquo;{}&raquo;][et_pb_row column_structure=&raquo;1_2,1_2&#8243; disabled_on=&raquo;off|off|on&raquo; module_class=&raquo;frontpage-section-column&raquo; _builder_version=&raquo;4.27.4&#8243; _module_preset=&raquo;default&raquo; width=&raquo;100%&raquo; max_width=&raquo;850px&raquo; custom_margin=&raquo;|auto||auto|false|false&raquo; global_colors_info=&raquo;{}&raquo;][et_pb_column type=&raquo;1_2&#8243; _builder_version=&raquo;4.27.4&#8243; _module_preset=&raquo;default&raquo; global_colors_info=&raquo;{}&raquo;][et_pb_image src=&raquo;https:\/\/www.sua.no\/wp-content\/uploads\/2025\/05\/iStock-519214296-scaled.jpg&raquo; alt=&raquo;Farmer picking strawberries in their own farm.&raquo; _builder_version=&raquo;4.27.4&#8243; _module_preset=&raquo;default&raquo; width=&raquo;60%&raquo; max_width=&raquo;100%&raquo; module_alignment=&raquo;center&raquo; custom_padding=&raquo;||0px|||&raquo; border_radii=&raquo;off|24px|24px|24px|24px&raquo; global_colors_info=&raquo;{}&raquo;][\/et_pb_image][\/et_pb_column][et_pb_column type=&raquo;1_2&#8243; module_class=&raquo;frontpage-skattemelding-text-container&raquo; _builder_version=&raquo;4.27.4&#8243; _module_preset=&raquo;default&raquo; global_colors_info=&raquo;{}&raquo;][et_pb_text module_class=&raquo;text-container&raquo; _builder_version=&raquo;4.27.4&#8243; _module_preset=&raquo;default&raquo; text_orientation=&raquo;center&raquo; global_colors_info=&raquo;{}&raquo;]<\/p>\n<h3 style=\"text-align: center;\">Sesongarbeider i Norge<\/h3>\n<p>Hvert \u00e5r kommer mange sesongarbeidere til Norge for \u00e5 jobbe i ulike bransjer. Arbeidstilsynet har informasjon p\u00e5 flere spr\u00e5k om rettigheter og regler.<\/p>\n<p>[\/et_pb_text][et_pb_button button_url=&raquo;https:\/\/www.arbeidstilsynet.no\/arbeidstid-og-organisering\/knowyourrights-NO\/&raquo; url_new_window=&raquo;on&raquo; button_text=&raquo;Se hva som gjelder&raquo; button_alignment=&raquo;center&raquo; module_class=&raquo;link-button&raquo; _builder_version=&raquo;4.27.4&#8243; _module_preset=&raquo;default&raquo; custom_margin=&raquo;||20px||false|false&raquo; custom_padding=&raquo;18px|30px|18px|30px|false|false&raquo; global_colors_info=&raquo;{}&raquo;][\/et_pb_button][\/et_pb_column][\/et_pb_row][\/et_pb_section]<\/p>\n","protected":false},"excerpt":{"rendered":"<p>Sesongarbeider i Norge Hvert \u00e5r kommer mange sesongarbeidere til Norge for \u00e5 jobbe i ulike bransjer. Arbeidstilsynet har informasjon p\u00e5 flere spr\u00e5k om rettigheter og regler.\u00a0Sesongarbeider i Norge Hvert \u00e5r kommer mange sesongarbeidere til Norge for \u00e5 jobbe i ulike bransjer. Arbeidstilsynet har informasjon p\u00e5 flere spr\u00e5k om rettigheter og regler.<\/p>","protected":false},"author":15,"featured_media":0,"parent":0,"menu_order":0,"comment_status":"closed","ping_status":"closed","template":"","meta":{"_et_pb_use_builder":"on","_et_pb_old_content":"","_et_gb_content_width":"","footnotes":""},"class_list":["post-105","page","type-page","status-publish","hentry"],"yoast_head":"<!-- This site is optimized with the Yoast SEO plugin v27.2 - https:\/\/yoast.com\/product\/yoast-seo-wordpress\/ -->\n<title>Servicesenter for utenlandske arbeidstakere | SUA<\/title>\n<meta name=\"description\" content=\"P\u00e5 SUA hjelper politiet, Skatteetaten og Arbeidstilsynet utenlandske arbeidstakere med alt de trenger for \u00e5 jobbe i Norge.\" \/>\n<meta name=\"robots\" content=\"index, follow, max-snippet:-1, max-image-preview:large, max-video-preview:-1\" \/>\n<link rel=\"canonical\" href=\"https:\/\/www.sua.no\/lt\/\" \/>\n<meta property=\"og:locale\" content=\"lt_LT\" \/>\n<meta property=\"og:type\" content=\"article\" \/>\n<meta property=\"og:title\" content=\"Servicesenter for utenlandske arbeidstakere | SUA\" \/>\n<meta property=\"og:description\" content=\"P\u00e5 SUA hjelper Arbeidstilsynet, Skatteetaten og politiet deg med alt du trenger for \u00e5 jobbe i Norge.\" \/>\n<meta property=\"og:url\" content=\"https:\/\/www.sua.no\/lt\/\" \/>\n<meta property=\"og:site_name\" content=\"SUA\" \/>\n<meta property=\"article:modified_time\" content=\"2026-02-26T07:14:55+00:00\" \/>\n<meta property=\"og:image\" content=\"https:\/\/www.sua.no\/wp-content\/uploads\/2025\/03\/Bilde-til-banner-forside-scaled.jpg\" \/>\n\t<meta property=\"og:image:width\" content=\"2560\" \/>\n\t<meta property=\"og:image:height\" content=\"1707\" \/>\n\t<meta property=\"og:image:type\" content=\"image\/jpeg\" \/>\n<meta name=\"twitter:card\" content=\"summary_large_image\" \/>\n<meta name=\"twitter:title\" content=\"Servicesenter for utenlandske arbeidstakere | SUA\" \/>\n<meta name=\"twitter:description\" content=\"P\u00e5 SUA hjelper Arbeidstilsynet, Skatteetaten og politiet deg med alt du trenger for \u00e5 jobbe i Norge.\" \/>\n<meta name=\"twitter:image\" content=\"https:\/\/www.sua.no\/wp-content\/uploads\/2025\/03\/Bilde-til-banner-forside-scaled.jpg\" \/>\n<meta name=\"twitter:label1\" content=\"Est. reading time\" \/>\n\t<meta name=\"twitter:data1\" content=\"2 minut\u0117s\" \/>\n<script type=\"application\/ld+json\" class=\"yoast-schema-graph\">{\"@context\":\"https:\/\/schema.org\",\"@graph\":[{\"@type\":\"WebPage\",\"@id\":\"https:\/\/www.sua.no\/\",\"url\":\"https:\/\/www.sua.no\/\",\"name\":\"Servicesenter for utenlandske arbeidstakere | SUA\",\"isPartOf\":{\"@id\":\"https:\/\/www.sua.no\/en\/#website\"},\"datePublished\":\"2020-10-08T12:46:52+00:00\",\"dateModified\":\"2026-02-26T07:14:55+00:00\",\"description\":\"P\u00e5 SUA hjelper politiet, Skatteetaten og Arbeidstilsynet utenlandske arbeidstakere med alt de trenger for \u00e5 jobbe i Norge.\",\"breadcrumb\":{\"@id\":\"https:\/\/www.sua.no\/#breadcrumb\"},\"inLanguage\":\"lt-LT\",\"potentialAction\":[{\"@type\":\"ReadAction\",\"target\":[\"https:\/\/www.sua.no\/\"]}]},{\"@type\":\"BreadcrumbList\",\"@id\":\"https:\/\/www.sua.no\/#breadcrumb\",\"itemListElement\":[{\"@type\":\"ListItem\",\"position\":1,\"name\":\"Forside\",\"item\":\"https:\/\/www.sua.no\/\"},{\"@type\":\"ListItem\",\"position\":2,\"name\":\"Forside\"}]},{\"@type\":\"WebSite\",\"@id\":\"https:\/\/www.sua.no\/en\/#website\",\"url\":\"https:\/\/www.sua.no\/en\/\",\"name\":\"SUA\",\"description\":\"Servicesenter for utenlandske arbeidstakere\",\"publisher\":{\"@id\":\"https:\/\/www.sua.no\/en\/#organization\"},\"potentialAction\":[{\"@type\":\"SearchAction\",\"target\":{\"@type\":\"EntryPoint\",\"urlTemplate\":\"https:\/\/www.sua.no\/en\/?s={search_term_string}\"},\"query-input\":{\"@type\":\"PropertyValueSpecification\",\"valueRequired\":true,\"valueName\":\"search_term_string\"}}],\"inLanguage\":\"lt-LT\"},{\"@type\":\"Organization\",\"@id\":\"https:\/\/www.sua.no\/en\/#organization\",\"name\":\"Servicesenter for utenlandske arbeidstakere\",\"url\":\"https:\/\/www.sua.no\/en\/\",\"logo\":{\"@type\":\"ImageObject\",\"inLanguage\":\"lt-LT\",\"@id\":\"https:\/\/www.sua.no\/en\/#\/schema\/logo\/image\/\",\"url\":\"https:\/\/www.sua.no\/wp-content\/uploads\/2021\/04\/SUA-logo-NO-uten-luft-1.png\",\"contentUrl\":\"https:\/\/www.sua.no\/wp-content\/uploads\/2021\/04\/SUA-logo-NO-uten-luft-1.png\",\"width\":541,\"height\":119,\"caption\":\"Servicesenter for utenlandske arbeidstakere\"},\"image\":{\"@id\":\"https:\/\/www.sua.no\/en\/#\/schema\/logo\/image\/\"}}]}<\/script>\n<!-- \/ Yoast SEO plugin. -->","yoast_head_json":{"title":"Paslaug\u0173 centras darbuotojams i\u0161 u\u017esienio | SUA","description":"SUA paslaug\u0173 centre Darbo inspekcija, policija, Mokes\u010di\u0173 tarnyba ir Imigracijos direktoratas pad\u0117s Jums atlikti b\u016btinus formalumus ir gauti reikiam\u0105 informacij\u0105, kuri\u0105 yra svarbu \u017einoti dirbant Norvegijoje.","robots":{"index":"index","follow":"follow","max-snippet":"max-snippet:-1","max-image-preview":"max-image-preview:large","max-video-preview":"max-video-preview:-1"},"canonical":"https:\/\/www.sua.no\/lt\/","og_locale":"lt_LT","og_type":"article","og_title":"Servicesenter for utenlandske arbeidstakere | SUA","og_description":"P\u00e5 SUA hjelper Arbeidstilsynet, Skatteetaten og politiet deg med alt du trenger for \u00e5 jobbe i Norge.","og_url":"https:\/\/www.sua.no\/lt\/","og_site_name":"SUA","article_modified_time":"2026-02-26T07:14:55+00:00","og_image":[{"width":2560,"height":1707,"url":"https:\/\/www.sua.no\/wp-content\/uploads\/2025\/03\/Bilde-til-banner-forside-scaled.jpg","type":"image\/jpeg"}],"twitter_card":"summary_large_image","twitter_title":"Servicesenter for utenlandske arbeidstakere | SUA","twitter_description":"P\u00e5 SUA hjelper Arbeidstilsynet, Skatteetaten og politiet deg med alt du trenger for \u00e5 jobbe i Norge.","twitter_image":"https:\/\/www.sua.no\/wp-content\/uploads\/2025\/03\/Bilde-til-banner-forside-scaled.jpg","twitter_misc":{"Est. reading time":"2 minut\u0117s"},"schema":{"@context":"https:\/\/schema.org","@graph":[{"@type":"WebPage","@id":"https:\/\/www.sua.no\/","url":"https:\/\/www.sua.no\/","name":"Paslaug\u0173 centras darbuotojams i\u0161 u\u017esienio | SUA","isPartOf":{"@id":"https:\/\/www.sua.no\/en\/#website"},"datePublished":"2020-10-08T12:46:52+00:00","dateModified":"2026-02-26T07:14:55+00:00","description":"SUA paslaug\u0173 centre Darbo inspekcija, policija, Mokes\u010di\u0173 tarnyba ir Imigracijos direktoratas pad\u0117s Jums atlikti b\u016btinus formalumus ir gauti reikiam\u0105 informacij\u0105, kuri\u0105 yra svarbu \u017einoti dirbant Norvegijoje.","breadcrumb":{"@id":"https:\/\/www.sua.no\/#breadcrumb"},"inLanguage":"lt-LT","potentialAction":[{"@type":"ReadAction","target":["https:\/\/www.sua.no\/"]}]},{"@type":"BreadcrumbList","@id":"https:\/\/www.sua.no\/#breadcrumb","itemListElement":[{"@type":"ListItem","position":1,"name":"Forside","item":"https:\/\/www.sua.no\/"},{"@type":"ListItem","position":2,"name":"Forside"}]},{"@type":"WebSite","@id":"https:\/\/www.sua.no\/en\/#website","url":"https:\/\/www.sua.no\/en\/","name":"SUA paslaug\u0173 centras","description":"Servicesenter for utenlandske arbeidstakere","publisher":{"@id":"https:\/\/www.sua.no\/en\/#organization"},"potentialAction":[{"@type":"SearchAction","target":{"@type":"EntryPoint","urlTemplate":"https:\/\/www.sua.no\/en\/?s={search_term_string}"},"query-input":{"@type":"PropertyValueSpecification","valueRequired":true,"valueName":"search_term_string"}}],"inLanguage":"lt-LT"},{"@type":"Organization","@id":"https:\/\/www.sua.no\/en\/#organization","name":"Servicesenter for utenlandske arbeidstakere","url":"https:\/\/www.sua.no\/en\/","logo":{"@type":"ImageObject","inLanguage":"lt-LT","@id":"https:\/\/www.sua.no\/en\/#\/schema\/logo\/image\/","url":"https:\/\/www.sua.no\/wp-content\/uploads\/2021\/04\/SUA-logo-NO-uten-luft-1.png","contentUrl":"https:\/\/www.sua.no\/wp-content\/uploads\/2021\/04\/SUA-logo-NO-uten-luft-1.png","width":541,"height":119,"caption":"Servicesenter for utenlandske arbeidstakere"},"image":{"@id":"https:\/\/www.sua.no\/en\/#\/schema\/logo\/image\/"}}]}},"_links":{"self":[{"href":"https:\/\/www.sua.no\/lt\/wp-json\/wp\/v2\/pages\/105","targetHints":{"allow":["GET"]}}],"collection":[{"href":"https:\/\/www.sua.no\/lt\/wp-json\/wp\/v2\/pages"}],"about":[{"href":"https:\/\/www.sua.no\/lt\/wp-json\/wp\/v2\/types\/page"}],"author":[{"embeddable":true,"href":"https:\/\/www.sua.no\/lt\/wp-json\/wp\/v2\/users\/15"}],"replies":[{"embeddable":true,"href":"https:\/\/www.sua.no\/lt\/wp-json\/wp\/v2\/comments?post=105"}],"version-history":[{"count":397,"href":"https:\/\/www.sua.no\/lt\/wp-json\/wp\/v2\/pages\/105\/revisions"}],"predecessor-version":[{"id":8493,"href":"https:\/\/www.sua.no\/lt\/wp-json\/wp\/v2\/pages\/105\/revisions\/8493"}],"wp:attachment":[{"href":"https:\/\/www.sua.no\/lt\/wp-json\/wp\/v2\/media?parent=105"}],"curies":[{"name":"wp","href":"https:\/\/api.w.org\/{rel}","templated":true}]}}