{"id":1043,"date":"2021-02-04T16:08:44","date_gmt":"2021-02-04T16:08:44","guid":{"rendered":"https:\/\/www.sua.no\/v2\/?page_id=1043"},"modified":"2025-12-04T09:13:54","modified_gmt":"2025-12-04T09:13:54","slug":"siaures-saliu-pilietybe","status":"publish","type":"page","link":"https:\/\/www.sua.no\/lt\/bestill-time\/nordisk\/","title":{"rendered":"\u0160iaur\u0117s \u0161ali\u0173 pilietyb\u0117"},"content":{"rendered":"<p>[et_pb_section fb_built=&raquo;1&#8243; custom_padding_last_edited=&raquo;on|phone&raquo; _builder_version=&raquo;4.16&#8243; _module_preset=&raquo;default&raquo; custom_margin_tablet=&raquo;&raquo; custom_margin_phone=&raquo;||||false|false&raquo; custom_margin_last_edited=&raquo;on|phone&raquo; custom_padding=&raquo;||||false|false&raquo; custom_padding_tablet=&raquo;0px||||false|false&raquo; custom_padding_phone=&raquo;&raquo; locked=&raquo;off&raquo; global_colors_info=&raquo;{}&raquo;][et_pb_row custom_padding_last_edited=&raquo;on|phone&raquo; module_class=&raquo;artikkelside-column&raquo; _builder_version=&raquo;4.27.4&#8243; _module_preset=&raquo;default&raquo; width_tablet=&raquo;&raquo; width_phone=&raquo;100%&raquo; width_last_edited=&raquo;on|phone&raquo; max_width=&raquo;550px&raquo; custom_padding_tablet=&raquo;&raquo; custom_padding_phone=&raquo;|16px||16px|false|false&raquo; global_colors_info=&raquo;{}&raquo;][et_pb_column type=&raquo;4_4&#8243; _builder_version=&raquo;4.16&#8243; _module_preset=&raquo;default&raquo; global_colors_info=&raquo;{}&raquo;][et_pb_code _builder_version=&raquo;4.27.4&#8243; _module_preset=&raquo;default&raquo; global_colors_info=&raquo;{}&raquo;]<\/p>\n<nav aria-label=\"br\u00f8dsmulesti\"><span><span><a href=\"https:\/\/www.sua.no\/\">Forside<\/a><\/span><\/span><\/nav>\n<p>[\/et_pb_code][et_pb_text _builder_version=&raquo;4.16&#8243; _module_preset=&raquo;default&raquo; header_line_height=&raquo;1.2em&raquo; custom_margin=&raquo;||||false|false&raquo; custom_margin_tablet=&raquo;&raquo; custom_margin_phone=&raquo;||||false|false&raquo; custom_margin_last_edited=&raquo;on|phone&raquo; header_font_size_tablet=&raquo;&raquo; header_font_size_phone=&raquo;24px&raquo; header_font_size_last_edited=&raquo;on|phone&raquo; global_colors_info=&raquo;{}&raquo;]<\/p>\n<h1><strong>Bestill time hos Skatteetaten p\u00e5 SUA<\/strong><\/h1>\n<p>[\/et_pb_text][\/et_pb_column][\/et_pb_row][et_pb_row column_structure=&raquo;1_3,1_3,1_3&#8243; custom_padding_last_edited=&raquo;on|phone&raquo; disabled_on=&raquo;on|on|on&raquo; module_id=&raquo;veiviser-innhold&raquo; _builder_version=&raquo;4.16&#8243; _module_preset=&raquo;default&raquo; width_tablet=&raquo;&raquo; width_phone=&raquo;100%&raquo; width_last_edited=&raquo;on|phone&raquo; custom_padding=&raquo;73px||||false|false&raquo; custom_padding_tablet=&raquo;&raquo; custom_padding_phone=&raquo;51px|16px||16px|false|false&raquo; disabled=&raquo;on&raquo; locked=&raquo;off&raquo; global_colors_info=&raquo;{}&raquo;][et_pb_column type=&raquo;1_3&#8243; _builder_version=&raquo;4.16&#8243; _module_preset=&raquo;default&raquo; global_colors_info=&raquo;{}&raquo;][et_pb_text _builder_version=&raquo;4.16&#8243; _dynamic_attributes=&raquo;link_option_url&raquo; _module_preset=&raquo;default&raquo; text_font=&raquo;||||on||||&raquo; text_text_color=&raquo;#ffffff&raquo; text_font_size=&raquo;20px&raquo; link_text_color=&raquo;#ffffff&raquo; background_color=&raquo;#114462&#8243; text_orientation=&raquo;center&raquo; custom_padding=&raquo;20px|4px|20px|4px|false|false&raquo; link_option_url=&raquo;@ET-DC@eyJkeW5hbWljIjp0cnVlLCJjb250ZW50IjoicG9zdF9saW5rX3VybF9wYWdlIiwic2V0dGluZ3MiOnsicG9zdF9pZCI6IjEwNDMifX0=@&raquo; border_radii=&raquo;on|10px|10px|10px|10px&raquo; global_colors_info=&raquo;{}&raquo; custom_css_main_element__hover_enabled=&raquo;on|desktop&raquo; background__hover_enabled=&raquo;on|hover&raquo; background_color__hover=&raquo;#114462&#8243; background_enable_color__hover=&raquo;on&raquo;]<\/p>\n<p><a href=\"\/bestill-time\/nordisk\/#veiviser-innhold\" role=\"button\">Nordisk<\/a><\/p>\n<p>[\/et_pb_text][\/et_pb_column][et_pb_column type=&raquo;1_3&#8243; _builder_version=&raquo;4.16&#8243; _module_preset=&raquo;default&raquo; global_colors_info=&raquo;{}&raquo;][et_pb_text _builder_version=&raquo;4.16&#8243; _dynamic_attributes=&raquo;link_option_url&raquo; _module_preset=&raquo;default&raquo; text_text_color=&raquo;#ffffff&raquo; text_font_size=&raquo;20px&raquo; link_font=&raquo;||||on|||rgba(0,0,0,0)|&raquo; link_text_color=&raquo;#ffffff&raquo; background_color=&raquo;#0D739C&raquo; text_orientation=&raquo;center&raquo; custom_padding=&raquo;20px|4px|20px|4px|false|false&raquo; link_option_url=&raquo;@ET-DC@eyJkeW5hbWljIjp0cnVlLCJjb250ZW50IjoicG9zdF9saW5rX3VybF9wYWdlIiwic2V0dGluZ3MiOnsicG9zdF9pZCI6Ijk5MSJ9fQ==@&raquo; border_radii=&raquo;on|10px|10px|10px|10px&raquo; global_colors_info=&raquo;{}&raquo; custom_css_main_element__hover_enabled=&raquo;off|desktop&raquo; background_color__hover=&raquo;#114462&#8243; background_enable_color__hover=&raquo;on&raquo; background__hover_enabled=&raquo;on|hover&raquo;]<\/p>\n<p><a href=\"\/bestill-time\/eu-eos\/\" role=\"button\">EU\/E\u00d8S<\/a><\/p>\n<p>[\/et_pb_text][\/et_pb_column][et_pb_column type=&raquo;1_3&#8243; _builder_version=&raquo;4.16&#8243; _module_preset=&raquo;default&raquo; global_colors_info=&raquo;{}&raquo;][et_pb_text _builder_version=&raquo;4.16&#8243; _dynamic_attributes=&raquo;link_option_url&raquo; _module_preset=&raquo;default&raquo; text_text_color=&raquo;#ffffff&raquo; text_font_size=&raquo;20px&raquo; link_font=&raquo;||||on|||rgba(0,0,0,0)|&raquo; link_text_color=&raquo;#ffffff&raquo; background_color=&raquo;#0D739C&raquo; text_orientation=&raquo;center&raquo; custom_padding=&raquo;20px|4px|20px|4px|false|false&raquo; link_option_url=&raquo;@ET-DC@eyJkeW5hbWljIjp0cnVlLCJjb250ZW50IjoicG9zdF9saW5rX3VybF9wYWdlIiwic2V0dGluZ3MiOnsicG9zdF9pZCI6Ijk3OSJ9fQ==@&raquo; border_radii=&raquo;on|10px|10px|10px|10px&raquo; global_colors_info=&raquo;{}&raquo; custom_css_main_element__hover_enabled=&raquo;on|hover&raquo; background_color__hover=&raquo;#114462&#8243; background_enable_color__hover=&raquo;on&raquo; background__hover_enabled=&raquo;on|hover&raquo;]<\/p>\n<p><a href=\"\/bestill-time\/ikke-eu-eos\/\" role=\"button\">Ikke EU\/E\u00d8S<\/a><\/p>\n<p>[\/et_pb_text][\/et_pb_column][\/et_pb_row][\/et_pb_section][et_pb_section fb_built=&raquo;1&#8243; custom_padding_last_edited=&raquo;on|phone&raquo; _builder_version=&raquo;4.16&#8243; _module_preset=&raquo;default&raquo; min_height=&raquo;10px&raquo; custom_padding=&raquo;||||false|false&raquo; custom_padding_tablet=&raquo;0px||||false|false&raquo; custom_padding_phone=&raquo;&raquo; global_colors_info=&raquo;{}&raquo;][et_pb_row custom_padding_last_edited=&raquo;on|desktop&raquo; module_class=&raquo;artikkelside-column&raquo; _builder_version=&raquo;4.27.4&#8243; _module_preset=&raquo;default&raquo; width_tablet=&raquo;&raquo; width_phone=&raquo;100%&raquo; width_last_edited=&raquo;on|phone&raquo; custom_padding=&raquo;0px||0px||false|false&raquo; custom_padding_tablet=&raquo;&raquo; custom_padding_phone=&raquo;|16px||16px|false|false&raquo; global_colors_info=&raquo;{}&raquo;][et_pb_column type=&raquo;4_4&#8243; _builder_version=&raquo;4.16&#8243; _module_preset=&raquo;default&raquo; global_colors_info=&raquo;{}&raquo;][et_pb_text module_id=&raquo;overskrift&raquo; module_class=&raquo;veiviser-innhold artikkelside-text&raquo; _builder_version=&raquo;4.27.4&#8243; _module_preset=&raquo;default&raquo; text_line_height=&raquo;1.5em&raquo; header_2_font_size=&raquo;24px&raquo; custom_margin_tablet=&raquo;&raquo; custom_margin_phone=&raquo;12px||12px||false|false&raquo; custom_margin_last_edited=&raquo;on|phone&raquo; custom_padding=&raquo;||0px|||&raquo; header_2_font_size_tablet=&raquo;&raquo; header_2_font_size_phone=&raquo;20px&raquo; header_2_font_size_last_edited=&raquo;on|phone&raquo; global_colors_info=&raquo;{}&raquo;]<\/p>\n<h2>Skatteetaten p\u00e5 SUA\u00a0<\/h2>\n<p>[\/et_pb_text][et_pb_code _builder_version=&raquo;4.16&#8243; _module_preset=&raquo;default&raquo; global_colors_info=&raquo;{}&raquo;][\/et_pb_code][et_pb_toggle title=&raquo;Du m\u00e5 s\u00f8ke om skattekort hvis du skal jobbe&raquo; icon_color=&raquo;#114462&#8243; use_icon_font_size=&raquo;on&raquo; icon_font_size=&raquo;28px&raquo; open_icon_color=&raquo;#114462&#8243; open_use_icon_font_size=&raquo;on&raquo; open_icon_font_size=&raquo;28px&raquo; module_id=&raquo;openClose2&#8243; module_class=&raquo;custom-icon artikkelside-text faktaboks-dropdown&raquo; _builder_version=&raquo;4.27.4&#8243; _module_preset=&raquo;default&raquo; title_level=&raquo;h3&#8243; title_font=&raquo;|700|||||||&raquo; body_text_color=&raquo;#2b2e34&#8243; background_color=&raquo;#ffffff&raquo; custom_padding=&raquo;||20px||false|false&raquo; hover_enabled=&raquo;0&#8243; global_colors_info=&raquo;{}&raquo; open_toggle_text_color__hover=&raquo;#0D739C&raquo; open_toggle_text_color__hover_enabled=&raquo;on|hover&raquo; closed_toggle_text_color__hover=&raquo;#0D739C&raquo; closed_toggle_text_color__hover_enabled=&raquo;on|hover&raquo; title_text_color__hover=&raquo;#0D739C&raquo; title_text_color__hover_enabled=&raquo;on|hover&raquo; sticky_enabled=&raquo;0&#8243;]<\/p>\n<p><strong>Du m\u00e5 ha med deg<\/strong><\/p>\n<p><strong><\/strong><\/p>\n<ul>\n<li>pass eller nasjonalt ID-kort<\/li>\n<li>ferdig utfylt<span>\u00a0<\/span><a href=\"https:\/\/www.skatteetaten.no\/globalassets\/skjema\/2026\/RF1209B-2025_3.pdf\" target=\"_blank\" rel=\"noopener noreferrer\">RF-1209 S\u00f8knad om skattekort for utenlandske borgere<\/a><span>.<span>\u00a0<\/span><\/span><span>Hvis arbeidsgiveren din har s\u00f8kt for deg, trenger du ikke \u00e5 fylle ut dette skjemaet.<\/span><\/li>\n<li>arbeidskontrakt eller skriftlig arbeidstilbud\n<ul>\n<li>hvis du jobber i et EU\/E\u00d8S-foretak og er sendt p\u00e5 oppdrag i Norge, m\u00e5 du ogs\u00e5 ha med deg oppdragskontrakt<\/li>\n<\/ul>\n<\/li>\n<\/ul>\n<p>[\/et_pb_toggle][et_pb_toggle title=&raquo;Du m\u00e5 p\u00e5 ID-kontroll hvis du skal drive n\u00e6ringsvirksomhet&raquo; icon_color=&raquo;#114462&#8243; use_icon_font_size=&raquo;on&raquo; icon_font_size=&raquo;28px&raquo; open_icon_color=&raquo;#114462&#8243; open_use_icon_font_size=&raquo;on&raquo; open_icon_font_size=&raquo;28px&raquo; module_id=&raquo;openClose2&#8243; module_class=&raquo;custom-icon artikkelside-text faktaboks-dropdown&raquo; _builder_version=&raquo;4.27.4&#8243; _module_preset=&raquo;default&raquo; title_level=&raquo;h3&#8243; title_font=&raquo;|700|||||||&raquo; body_text_color=&raquo;#2b2e34&#8243; background_color=&raquo;#ffffff&raquo; custom_padding=&raquo;||20px||false|false&raquo; global_colors_info=&raquo;{}&raquo; open_toggle_text_color__hover=&raquo;#0D739C&raquo; open_toggle_text_color__hover_enabled=&raquo;on|hover&raquo; closed_toggle_text_color__hover=&raquo;#0D739C&raquo; closed_toggle_text_color__hover_enabled=&raquo;on|hover&raquo; title_text_color__hover=&raquo;#0D739C&raquo; title_text_color__hover_enabled=&raquo;on|hover&raquo;]<\/p>\n<p><strong>Du m\u00e5 ha med deg<\/strong><\/p>\n<p><strong><\/strong><\/p>\n<ul>\n<li>pass eller nasjonalt ID-kort<\/li>\n<\/ul>\n<p>[\/et_pb_toggle][et_pb_toggle title=&raquo;Du m\u00e5 melde flytting hvis du skal v\u00e6re i Norge over 6 m\u00e5neder&raquo; icon_color=&raquo;#114462&#8243; use_icon_font_size=&raquo;on&raquo; icon_font_size=&raquo;28px&raquo; open_icon_color=&raquo;#114462&#8243; open_use_icon_font_size=&raquo;on&raquo; open_icon_font_size=&raquo;28px&raquo; module_class=&raquo;custom-icon artikkelside-text faktaboks-dropdown&raquo; _builder_version=&raquo;4.27.4&#8243; _module_preset=&raquo;default&raquo; title_level=&raquo;h3&#8243; title_font=&raquo;|700|||||||&raquo; background_color=&raquo;#ffffff&raquo; custom_padding=&raquo;||20px||false|false&raquo; global_colors_info=&raquo;{}&raquo; open_toggle_text_color__hover=&raquo;#0D739C&raquo; open_toggle_text_color__hover_enabled=&raquo;on|hover&raquo; closed_toggle_text_color__hover=&raquo;#0D739C&raquo; closed_toggle_text_color__hover_enabled=&raquo;on|hover&raquo; title_text_color__hover=&raquo;#0D739C&raquo; title_text_color__hover_enabled=&raquo;on|hover&raquo;]<\/p>\n<p><strong>Du m\u00e5 ha med deg<\/strong><strong><\/strong><\/p>\n<ul>\n<li>pass eller nasjonalt ID-kort<\/li>\n<li>ferdig utfylt <a href=\"https:\/\/www.skatteetaten.no\/globalassets\/skjema\/alltid\/rf1401_2024b.pdf\" target=\"_blank\" rel=\"noopener noreferrer\">RF-1401 Melding om flytting til Norge<\/a><\/li>\n<li>dokumentasjon som viser at du skal v\u00e6re i Norge i minst 6 m\u00e5neder, for eksempel\n<ul>\n<li>kontrakt p\u00e5 kj\u00f8p eller leie av bolig<\/li>\n<li>arbeidskontrakt<\/li>\n<li>oppdragsbekreftelse fra et bemanningsbyr\u00e5<\/li>\n<li>studiebekreftelse<\/li>\n<\/ul>\n<\/li>\n<\/ul>\n<p>Hvis dokumentasjonen din er eldre enn 3 m\u00e5neder, b\u00f8r du ta med bekreftelse p\u00e5 at den fortsatt er gyldig.<\/p>\n<p>[\/et_pb_toggle][et_pb_button button_url=&raquo;https:\/\/www.skatteetaten.no\/kontakt\/kontor\/bestill-tid\/&raquo; url_new_window=&raquo;on&raquo; button_text=&raquo;Bestill time hos Skatteetaten&raquo; module_class=&raquo;primary_button&raquo; _builder_version=&raquo;4.27.4&#8243; _module_preset=&raquo;default&raquo; global_colors_info=&raquo;{}&raquo;][\/et_pb_button][et_pb_code admin_label=&raquo;Javascript&raquo; _builder_version=&raquo;4.16&#8243; _module_preset=&raquo;default&raquo; global_colors_info=&raquo;{}&raquo;]<script><!-- [et_pb_line_break_holder] -->function handleExpand() {<!-- [et_pb_line_break_holder] -->  var x = document.getElementById(\"openClose\").getAttribute(\"aria-expanded\");<!-- [et_pb_line_break_holder] -->  if (x == \"true\") {<!-- [et_pb_line_break_holder] -->    x = \"false\";<!-- [et_pb_line_break_holder] -->  } else {<!-- [et_pb_line_break_holder] -->    x = \"true\";<!-- [et_pb_line_break_holder] -->  }<!-- [et_pb_line_break_holder] -->  document.getElementById(\"openClose\").setAttribute(\"aria-expanded\", x);<!-- [et_pb_line_break_holder] -->}<!-- [et_pb_line_break_holder] --><!-- [et_pb_line_break_holder] --><\/script>[\/et_pb_code][et_pb_code _builder_version=&raquo;4.16&#8243; _module_preset=&raquo;default&raquo; global_colors_info=&raquo;{}&raquo;]<\/p>\n<style><!-- [et_pb_line_break_holder] -->  .custom-icon .et_pb_toggle_title:before {<!-- [et_pb_line_break_holder] -->    content: \"\\33\";<!-- [et_pb_line_break_holder] -->  \ttransition: all .3s ease-in-out;<!-- [et_pb_line_break_holder] -->  }<!-- [et_pb_line_break_holder] -->  .custom-icon.et_pb_toggle_open .et_pb_toggle_title:before {<!-- [et_pb_line_break_holder] -->   content: \"\\33\";<!-- [et_pb_line_break_holder] -->    transform: rotate(180deg)<!-- [et_pb_line_break_holder] -->  }<!-- [et_pb_line_break_holder] --><\/style>\n<p>[\/et_pb_code][\/et_pb_column][\/et_pb_row][\/et_pb_section]<\/p>\n","protected":false},"excerpt":{"rendered":"<p><span><span><a href=\"https:\/\/www.sua.no\/\">Forside<\/a><\/span><\/span>Bestill time hos Skatteetaten p\u00e5 SUANordiskEU\/E\u00d8SIkke EU\/E\u00d8SSkatteetaten p\u00e5 SUA\u00a0Du m\u00e5 ha med deg pass eller nasjonalt ID-kort ferdig utfylt\u00a0RF-1209 S\u00f8knad om skattekort for utenlandske borgere.\u00a0Hvis arbeidsgiveren din har s\u00f8kt for deg, trenger du ikke \u00e5 fylle ut dette skjemaet. arbeidskontrakt eller skriftlig arbeidstilbud hvis du jobber i et EU\/E\u00d8S-foretak og er sendt p\u00e5 oppdrag i [&hellip;]<\/p>\n","protected":false},"author":15,"featured_media":0,"parent":313,"menu_order":0,"comment_status":"closed","ping_status":"closed","template":"","meta":{"_et_pb_use_builder":"on","_et_pb_old_content":"","_et_gb_content_width":"","footnotes":""},"class_list":["post-1043","page","type-page","status-publish","hentry"],"yoast_head":"<!-- This site is optimized with the Yoast SEO plugin v27.2 - https:\/\/yoast.com\/product\/yoast-seo-wordpress\/ -->\n<title>Bestill time | Nordisk statsborger | SUA<\/title>\n<meta name=\"description\" content=\"Bestill time hos Skatteetaten p\u00e5 SUA. Dette er dokumentasjon du som nordisk statsborger m\u00e5 ha med deg til timen.\" \/>\n<meta name=\"robots\" content=\"index, follow, max-snippet:-1, max-image-preview:large, max-video-preview:-1\" \/>\n<link rel=\"canonical\" href=\"https:\/\/www.sua.no\/lt\/rezervuokite-laika-vizitui\/siaures-saliu-pilietybe\/\" \/>\n<meta property=\"og:locale\" content=\"lt_LT\" \/>\n<meta property=\"og:type\" content=\"article\" \/>\n<meta property=\"og:title\" content=\"Bestill time | Nordisk statsborger | SUA\" \/>\n<meta property=\"og:description\" content=\"Bestill time hos Skatteetaten p\u00e5 SUA. Dette er dokumentasjon du som nordisk statsborger m\u00e5 ha med deg til timen.\" \/>\n<meta property=\"og:url\" content=\"https:\/\/www.sua.no\/lt\/rezervuokite-laika-vizitui\/siaures-saliu-pilietybe\/\" \/>\n<meta property=\"og:site_name\" content=\"SUA\" \/>\n<meta property=\"article:modified_time\" content=\"2025-12-04T09:13:54+00:00\" \/>\n<meta property=\"og:image\" content=\"https:\/\/www.sua.no\/wp-content\/uploads\/2025\/03\/Bilde-til-banner-forside-scaled.jpg\" \/>\n\t<meta property=\"og:image:width\" content=\"2560\" \/>\n\t<meta property=\"og:image:height\" content=\"1707\" \/>\n\t<meta property=\"og:image:type\" content=\"image\/jpeg\" \/>\n<meta name=\"twitter:card\" content=\"summary_large_image\" \/>\n<meta name=\"twitter:image\" content=\"https:\/\/www.sua.no\/wp-content\/uploads\/2025\/03\/Bilde-til-banner-forside-scaled.jpg\" \/>\n<meta name=\"twitter:label1\" content=\"Est. reading time\" \/>\n\t<meta name=\"twitter:data1\" content=\"1 minut\u0117\" \/>\n<script type=\"application\/ld+json\" class=\"yoast-schema-graph\">{\"@context\":\"https:\/\/schema.org\",\"@graph\":[{\"@type\":\"WebPage\",\"@id\":\"https:\/\/www.sua.no\/bestill-time\/nordisk\/\",\"url\":\"https:\/\/www.sua.no\/bestill-time\/nordisk\/\",\"name\":\"Bestill time | Nordisk statsborger | SUA\",\"isPartOf\":{\"@id\":\"https:\/\/www.sua.no\/en\/#website\"},\"datePublished\":\"2021-02-04T16:08:44+00:00\",\"dateModified\":\"2025-12-04T09:13:54+00:00\",\"description\":\"Bestill time hos Skatteetaten p\u00e5 SUA. Dette er dokumentasjon du som nordisk statsborger m\u00e5 ha med deg til timen.\",\"breadcrumb\":{\"@id\":\"https:\/\/www.sua.no\/bestill-time\/nordisk\/#breadcrumb\"},\"inLanguage\":\"lt-LT\",\"potentialAction\":[{\"@type\":\"ReadAction\",\"target\":[\"https:\/\/www.sua.no\/bestill-time\/nordisk\/\"]}]},{\"@type\":\"BreadcrumbList\",\"@id\":\"https:\/\/www.sua.no\/bestill-time\/nordisk\/#breadcrumb\",\"itemListElement\":[{\"@type\":\"ListItem\",\"position\":1,\"name\":\"Forside\",\"item\":\"https:\/\/www.sua.no\/\"},{\"@type\":\"ListItem\",\"position\":2,\"name\":\"Bestill time\",\"item\":\"https:\/\/www.sua.no\/bestill-time\/\"},{\"@type\":\"ListItem\",\"position\":3,\"name\":\"Nordisk\"}]},{\"@type\":\"WebSite\",\"@id\":\"https:\/\/www.sua.no\/en\/#website\",\"url\":\"https:\/\/www.sua.no\/en\/\",\"name\":\"SUA\",\"description\":\"Servicesenter for utenlandske arbeidstakere\",\"publisher\":{\"@id\":\"https:\/\/www.sua.no\/en\/#organization\"},\"potentialAction\":[{\"@type\":\"SearchAction\",\"target\":{\"@type\":\"EntryPoint\",\"urlTemplate\":\"https:\/\/www.sua.no\/en\/?s={search_term_string}\"},\"query-input\":{\"@type\":\"PropertyValueSpecification\",\"valueRequired\":true,\"valueName\":\"search_term_string\"}}],\"inLanguage\":\"lt-LT\"},{\"@type\":\"Organization\",\"@id\":\"https:\/\/www.sua.no\/en\/#organization\",\"name\":\"Servicesenter for utenlandske arbeidstakere\",\"url\":\"https:\/\/www.sua.no\/en\/\",\"logo\":{\"@type\":\"ImageObject\",\"inLanguage\":\"lt-LT\",\"@id\":\"https:\/\/www.sua.no\/en\/#\/schema\/logo\/image\/\",\"url\":\"https:\/\/www.sua.no\/wp-content\/uploads\/2021\/04\/SUA-logo-NO-uten-luft-1.png\",\"contentUrl\":\"https:\/\/www.sua.no\/wp-content\/uploads\/2021\/04\/SUA-logo-NO-uten-luft-1.png\",\"width\":541,\"height\":119,\"caption\":\"Servicesenter for utenlandske arbeidstakere\"},\"image\":{\"@id\":\"https:\/\/www.sua.no\/en\/#\/schema\/logo\/image\/\"}}]}<\/script>\n<!-- \/ Yoast SEO plugin. -->","yoast_head_json":{"title":"Rezervuokite laik\u0105 vizitui | \u0160iaur\u0117s \u0161alies pilietis | SUA","description":"Rezervuokite laik\u0105 vizitui \u012f Mokes\u010di\u0173 tarnyb\u0105 SUA paslaug\u0173 centre. Tai yra dokumentai, kuriuos turite atsine\u0161ti, jei esate \u0160iaur\u0117s \u0161alies pilietis.","robots":{"index":"index","follow":"follow","max-snippet":"max-snippet:-1","max-image-preview":"max-image-preview:large","max-video-preview":"max-video-preview:-1"},"canonical":"https:\/\/www.sua.no\/lt\/rezervuokite-laika-vizitui\/siaures-saliu-pilietybe\/","og_locale":"lt_LT","og_type":"article","og_title":"Bestill time | Nordisk statsborger | SUA","og_description":"Bestill time hos Skatteetaten p\u00e5 SUA. Dette er dokumentasjon du som nordisk statsborger m\u00e5 ha med deg til timen.","og_url":"https:\/\/www.sua.no\/lt\/rezervuokite-laika-vizitui\/siaures-saliu-pilietybe\/","og_site_name":"SUA","article_modified_time":"2025-12-04T09:13:54+00:00","og_image":[{"width":2560,"height":1707,"url":"https:\/\/www.sua.no\/wp-content\/uploads\/2025\/03\/Bilde-til-banner-forside-scaled.jpg","type":"image\/jpeg"}],"twitter_card":"summary_large_image","twitter_image":"https:\/\/www.sua.no\/wp-content\/uploads\/2025\/03\/Bilde-til-banner-forside-scaled.jpg","twitter_misc":{"Est. reading time":"1 minut\u0117"},"schema":{"@context":"https:\/\/schema.org","@graph":[{"@type":"WebPage","@id":"https:\/\/www.sua.no\/bestill-time\/nordisk\/","url":"https:\/\/www.sua.no\/bestill-time\/nordisk\/","name":"Rezervuokite laik\u0105 vizitui | \u0160iaur\u0117s \u0161alies pilietis | SUA","isPartOf":{"@id":"https:\/\/www.sua.no\/en\/#website"},"datePublished":"2021-02-04T16:08:44+00:00","dateModified":"2025-12-04T09:13:54+00:00","description":"Rezervuokite laik\u0105 vizitui \u012f Mokes\u010di\u0173 tarnyb\u0105 SUA paslaug\u0173 centre. Tai yra dokumentai, kuriuos turite atsine\u0161ti, jei esate \u0160iaur\u0117s \u0161alies pilietis.","breadcrumb":{"@id":"https:\/\/www.sua.no\/bestill-time\/nordisk\/#breadcrumb"},"inLanguage":"lt-LT","potentialAction":[{"@type":"ReadAction","target":["https:\/\/www.sua.no\/bestill-time\/nordisk\/"]}]},{"@type":"BreadcrumbList","@id":"https:\/\/www.sua.no\/bestill-time\/nordisk\/#breadcrumb","itemListElement":[{"@type":"ListItem","position":1,"name":"Forside","item":"https:\/\/www.sua.no\/"},{"@type":"ListItem","position":2,"name":"Bestill time","item":"https:\/\/www.sua.no\/bestill-time\/"},{"@type":"ListItem","position":3,"name":"Nordisk"}]},{"@type":"WebSite","@id":"https:\/\/www.sua.no\/en\/#website","url":"https:\/\/www.sua.no\/en\/","name":"SUA paslaug\u0173 centras","description":"Servicesenter for utenlandske arbeidstakere","publisher":{"@id":"https:\/\/www.sua.no\/en\/#organization"},"potentialAction":[{"@type":"SearchAction","target":{"@type":"EntryPoint","urlTemplate":"https:\/\/www.sua.no\/en\/?s={search_term_string}"},"query-input":{"@type":"PropertyValueSpecification","valueRequired":true,"valueName":"search_term_string"}}],"inLanguage":"lt-LT"},{"@type":"Organization","@id":"https:\/\/www.sua.no\/en\/#organization","name":"Servicesenter for utenlandske arbeidstakere","url":"https:\/\/www.sua.no\/en\/","logo":{"@type":"ImageObject","inLanguage":"lt-LT","@id":"https:\/\/www.sua.no\/en\/#\/schema\/logo\/image\/","url":"https:\/\/www.sua.no\/wp-content\/uploads\/2021\/04\/SUA-logo-NO-uten-luft-1.png","contentUrl":"https:\/\/www.sua.no\/wp-content\/uploads\/2021\/04\/SUA-logo-NO-uten-luft-1.png","width":541,"height":119,"caption":"Servicesenter for utenlandske arbeidstakere"},"image":{"@id":"https:\/\/www.sua.no\/en\/#\/schema\/logo\/image\/"}}]}},"_links":{"self":[{"href":"https:\/\/www.sua.no\/lt\/wp-json\/wp\/v2\/pages\/1043","targetHints":{"allow":["GET"]}}],"collection":[{"href":"https:\/\/www.sua.no\/lt\/wp-json\/wp\/v2\/pages"}],"about":[{"href":"https:\/\/www.sua.no\/lt\/wp-json\/wp\/v2\/types\/page"}],"author":[{"embeddable":true,"href":"https:\/\/www.sua.no\/lt\/wp-json\/wp\/v2\/users\/15"}],"replies":[{"embeddable":true,"href":"https:\/\/www.sua.no\/lt\/wp-json\/wp\/v2\/comments?post=1043"}],"version-history":[{"count":201,"href":"https:\/\/www.sua.no\/lt\/wp-json\/wp\/v2\/pages\/1043\/revisions"}],"predecessor-version":[{"id":8567,"href":"https:\/\/www.sua.no\/lt\/wp-json\/wp\/v2\/pages\/1043\/revisions\/8567"}],"up":[{"embeddable":true,"href":"https:\/\/www.sua.no\/lt\/wp-json\/wp\/v2\/pages\/313"}],"wp:attachment":[{"href":"https:\/\/www.sua.no\/lt\/wp-json\/wp\/v2\/media?parent=1043"}],"curies":[{"name":"wp","href":"https:\/\/api.w.org\/{rel}","templated":true}]}}