{"id":5749,"date":"2025-04-30T08:28:34","date_gmt":"2025-04-30T08:28:34","guid":{"rendered":"https:\/\/www.sua.no\/?page_id=5749"},"modified":"2026-01-05T07:38:43","modified_gmt":"2026-01-05T07:38:43","slug":"besok-sua","status":"publish","type":"page","link":"https:\/\/www.sua.no\/en\/besok-sua\/","title":{"rendered":"Visit SUA"},"content":{"rendered":"<p>[et_pb_section fb_built=&raquo;1&#8243; _builder_version=&raquo;4.27.4&#8243; _module_preset=&raquo;default&raquo; global_colors_info=&raquo;{}&raquo;][et_pb_row module_class=&raquo;artikkelside-column&raquo; _builder_version=&raquo;4.27.4&#8243; _module_preset=&raquo;default&raquo; global_colors_info=&raquo;{}&raquo;][et_pb_column type=&raquo;4_4&#8243; _builder_version=&raquo;4.27.4&#8243; _module_preset=&raquo;default&raquo; global_colors_info=&raquo;{}&raquo;][et_pb_code _builder_version=&raquo;4.27.4&#8243; _module_preset=&raquo;default&raquo; global_colors_info=&raquo;{}&raquo;]<\/p>\n<nav aria-label=\"br\u00f8dsmulesti\"><span><span><a href=\"https:\/\/www.sua.no\/\">Forside<\/a><\/span><\/span><\/nav>\n<p>[\/et_pb_code][et_pb_text _builder_version=&raquo;4.27.4&#8243; _module_preset=&raquo;default&raquo; global_colors_info=&raquo;{}&raquo;]<\/p>\n<h1><strong>Bes\u00f8k SUA<\/strong><\/h1>\n<p>[\/et_pb_text][et_pb_text module_class=&raquo;ingress&raquo; _builder_version=&raquo;4.27.4&#8243; _module_preset=&raquo;default&raquo; global_colors_info=&raquo;{}&raquo;]<\/p>\n<p><span data-contrast=\"none\" xml:lang=\"NB-NO\" lang=\"NB-NO\" class=\"TextRun SCXW128819575 BCX8\"><span class=\"NormalTextRun SCXW128819575 BCX8\" data-ccp-parastyle=\"Subtitle\">Du<\/span><span class=\"NormalTextRun SCXW128819575 BCX8\" data-ccp-parastyle=\"Subtitle\"> m\u00e5 m\u00f8te opp fysisk for \u00e5 f\u00e5 hjelp p\u00e5 SUA. Vi <\/span><span class=\"NormalTextRun SCXW128819575 BCX8\" data-ccp-parastyle=\"Subtitle\">tilbyr ikke veiledning p\u00e5 telefon eller e-post.<\/span><\/span><\/p>\n<p>[\/et_pb_text][\/et_pb_column][\/et_pb_row][et_pb_row module_class=&raquo;artikkelside-column&raquo; _builder_version=&raquo;4.27.4&#8243; _module_preset=&raquo;default&raquo; global_colors_info=&raquo;{}&raquo;][et_pb_column type=&raquo;4_4&#8243; _builder_version=&raquo;4.27.4&#8243; _module_preset=&raquo;default&raquo; global_colors_info=&raquo;{}&raquo;][et_pb_text module_class=&raquo;artikkelside-text&raquo; _builder_version=&raquo;4.27.4&#8243; _module_preset=&raquo;default&raquo; text_text_color=&raquo;#000000&#8243; global_colors_info=&raquo;{}&raquo;]<\/p>\n<h2>Slik kan du f\u00e5 hjelp p\u00e5 SUA<\/h2>\n<ul>\n<li>Du kan <a href=\"https:\/\/www.sua.no\/bestill-time\/\">bestille time hos Skatteetaten eller politiet p\u00e5 SUA<\/a>.<\/li>\n<li>Du kan bes\u00f8ke informasjonsskranken uten \u00e5 bestille time f\u00f8rst.<\/li>\n<li>Du kan bes\u00f8ke Arbeidstilsynet uten \u00e5 bestille time f\u00f8rst.<\/li>\n<\/ul>\n<p>[\/et_pb_text][et_pb_text module_class=&raquo;artikkelside-text&raquo; _builder_version=&raquo;4.27.4&#8243; _module_preset=&raquo;default&raquo; text_text_color=&raquo;#000000&#8243; global_colors_info=&raquo;{}&raquo;]<\/p>\n<h2>Bes\u00f8k SUAs informasjonsskranker<\/h2>\n<p>Du trenger ikke bestille time for \u00e5 bes\u00f8ke informasjonsskrankene v\u00e5re. I informasjonsskranken kan du f\u00e5 hjelp hvis du har sp\u00f8rsm\u00e5l om hvordan du:<\/p>\n<ul>\n<li>bestiller time hos Skatteetaten eller politiet p\u00e5 SUA<\/li>\n<li>s\u00f8ker om skattekort<\/li>\n<li>melder flytting til Norge<\/li>\n<li>s\u00f8ker om oppholdstillatelse<\/li>\n<li>f\u00e5r registreringsbevis<\/li>\n<li>f\u00e5r elektronisk ID (MinID eller BankID)<\/li>\n<\/ul>\n<p>[\/et_pb_text][et_pb_text module_class=&raquo;artikkelside-text&raquo; _builder_version=&raquo;4.27.4&#8243; _module_preset=&raquo;default&raquo; custom_padding=&raquo;||30px||false|false&raquo; global_colors_info=&raquo;{}&raquo;]<\/p>\n<h2>Informasjonsskrankenes \u00e5pningstider<\/h2>\n<p><strong>Oslo,\u202fSchweigaards gate 17<\/strong><br \/>Mandag og fredag: 12.00\u201315.00<br \/>Tirsdag, onsdag og torsdag: 09.00\u201312.00<br \/><a href=\"https:\/\/www.google.com\/maps\/place\/Service+Centre+for+Foreign+Workers+(SUA)+-+Oslo\/@59.910577,10.7613327,15z\/data=!4m5!3m4!1s0x0:0xdfc39aa3d5bedbc3!8m2!3d59.910577!4d10.7613327?sa=X&amp;ved=2ahUKEwjk--a72PPuAhWxtIsKHVd5CYUQ_BIwC3oECBgQBQ&amp;shorturl=1\" target=\"_blank\" rel=\"noopener\">\u00c5pne kart i Google Maps<\/a><\/p>\n<p><strong>Stavanger, Lag\u00e5rdsveien 46<\/strong><br \/>Tirsdag og torsdag: 09.00\u201311.00 og 12.00\u201314.30<br \/><a href=\"https:\/\/www.google.com\/maps\/place\/Service+Centre+for+Foreign+Workers\/@58.960699,5.7386312,15z\/data=!4m5!3m4!1s0x0:0xb7472c9ee4221eaf!8m2!3d58.960699!4d5.7386312?shorturl=1\" target=\"_blank\" rel=\"noopener\">\u00c5pne kart i Google Maps<\/a><\/p>\n<p><strong>Trondheim, Holtermanns veg 1<br \/><\/strong>Mandag til fredag: 09.00\u201311.30 og 12.30\u201315.00<br \/><a href=\"https:\/\/maps.app.goo.gl\/qzYeogNggLJnGsxg8\" target=\"_blank\" rel=\"noopener\">\u00c5pne kart i Google Maps<\/a><\/p>\n<p>[\/et_pb_text][et_pb_text module_class=&raquo;artikkelside-text&raquo; _builder_version=&raquo;4.27.4&#8243; _module_preset=&raquo;default&raquo; custom_padding=&raquo;||30px||false|false&raquo; global_colors_info=&raquo;{}&raquo;]<\/p>\n<h2>Bes\u00f8k Arbeidstilsynet p\u00e5 SUA<\/h2>\n<p>Du trenger ikke bestille en time f\u00f8r du bes\u00f8ker Arbeidstilsynet p\u00e5 SUA. Arbeidstilsynet kan svare p\u00e5 sp\u00f8rsm\u00e5l om arbeidsavtale, l\u00f8nn, overtidsbetaling og ferie.<\/p>\n<h3>Arbeidstilsynets \u00e5pningstider<\/h3>\n<p><b>Arbeidstilsynet p\u00e5 SUA i Oslo<\/b><br \/>Schweigaards gate 17<br \/><a href=\"https:\/\/www.google.com\/maps\/place\/Service+Centre+for+Foreign+Workers+(SUA)+-+Oslo\/@59.910577,10.7613327,15z\/data=!4m5!3m4!1s0x0:0xdfc39aa3d5bedbc3!8m2!3d59.910577!4d10.7613327?sa=X&amp;ved=2ahUKEwjk--a72PPuAhWxtIsKHVd5CYUQ_BIwC3oECBgQBQ&amp;shorturl=1\">\u00c5pne kart i Google Maps<\/a><br \/>Mandag til torsdag: 09.00\u201315.00<\/p>\n<p><b>Arbeidstilsynet p\u00e5 SUA i Stavanger<\/b><br \/>Lag\u00e5rdsveien 46<br \/><a href=\"https:\/\/www.google.com\/maps\/place\/Service+Centre+for+Foreign+Workers\/@58.960699,5.7386312,15z\/data=!4m5!3m4!1s0x0:0xb7472c9ee4221eaf!8m2!3d58.960699!4d5.7386312?shorturl=1\">\u00c5pne kart i Google Maps<\/a><br \/>Mandag: 12.00\u201315.00<br \/>Tirsdag til fredag: 09.00\u201315.00<\/p>\n<p><b>Arbeidstilsynet p\u00e5 SUA i Bergen<\/b><br \/><span data-teams=\"true\">Nonnesetergaten 4<\/span><br \/><a href=\"https:\/\/maps.app.goo.gl\/uyQn8SobwuE1H8Zr6\">\u00c5pne kart i Google Maps<\/a><br \/>Mandag til fredag: 09.00\u201315.00<\/p>\n<p><b>Arbeidstilsynet p\u00e5 SUA i Trondheim<\/b><br \/>Holtermanns v. 1<br \/><a href=\"https:\/\/www.google.com\/maps\/place\/Holtermanns+v.+1,+7030+Trondheim\/@63.4137536,10.3951838,332m\/data=!3m2!1e3!4b1!4m6!3m5!1s0x466d31eb1f323523:0xf9fc2289bc55924d!8m2!3d63.4137512!4d10.3977587!16s%2Fg%2F11c43w54m0?entry=ttu&amp;g_ep=EgoyMDI1MDUxNS4wIKXMDSoASAFQAw%3D%3D\">\u00c5pne kart i Google Maps<\/a><br \/>Mandag til fredag: 09.00\u201315.00<\/p>\n<p>[\/et_pb_text][et_pb_text module_class=&raquo;artikkelside-text&raquo; _builder_version=&raquo;4.27.4&#8243; _module_preset=&raquo;default&raquo; global_colors_info=&raquo;{}&raquo;]<\/p>\n<h2>Har du andre sp\u00f8rsm\u00e5l?<\/h2>\n<p>\nSUA er et samarbeid mellom Skatteetaten, politiet, UDI og Arbeidstilsynet. \u00d8nsker du \u00e5 kontakte en av etatene, m\u00e5 du henvende deg direkte til dem.<\/p>\n<ul>\n<li><a href=\"https:\/\/www.skatteetaten.no\/kontakt\" target=\"_blank\" rel=\"noopener\">Kontakt Skatteetaten (skatteetaten.no)<\/a><\/li>\n<li><a href=\"https:\/\/www.arbeidstilsynet.no\/kontakt-oss\/\" target=\"_blank\" rel=\"noopener\">Kontakt Arbeidstilsynet (arbeidstilsynet.no)<\/a><\/li>\n<li><a href=\"https:\/\/www.udi.no\/kontakt-oss\/\" target=\"_blank\" rel=\"noopener\">Kontakt UDI (udi.no)<\/a><\/li>\n<li><a href=\"https:\/\/www.politiet.no\/kontakt-politiet\/\" target=\"_blank\" rel=\"noopener\">Kontakt politiet (politiet.no)<\/a><\/li>\n<\/ul>\n<p>[\/et_pb_text][et_pb_code module_class=&raquo;post_dates&raquo; _builder_version=&raquo;4.27.4&#8243; _module_preset=&raquo;default&raquo; global_colors_info=&raquo;{}&raquo;]Publisert: 30.04.2025&nbsp;&nbsp;&nbsp;<span style=\"white-space: nowrap;\">Sist endret: 05.01.2026<\/span>[\/et_pb_code][\/et_pb_column][\/et_pb_row][\/et_pb_section]<\/p>\n","protected":false},"excerpt":{"rendered":"<p><span><span><a href=\"https:\/\/www.sua.no\/\">Forside<\/a><\/span><\/span>Bes\u00f8k SUADu m\u00e5 m\u00f8te opp fysisk for \u00e5 f\u00e5 hjelp p\u00e5 SUA. Vi tilbyr ikke veiledning p\u00e5 telefon eller e-post.Slik kan du f\u00e5 hjelp p\u00e5 SUA Du kan bestille time hos Skatteetaten eller politiet p\u00e5 SUA. Du kan bes\u00f8ke informasjonsskranken uten \u00e5 bestille time f\u00f8rst. Du kan bes\u00f8ke Arbeidstilsynet uten \u00e5 bestille time f\u00f8rst. Bes\u00f8k [&hellip;]<\/p>\n","protected":false},"author":20,"featured_media":0,"parent":0,"menu_order":0,"comment_status":"closed","ping_status":"closed","template":"","meta":{"_et_pb_use_builder":"on","_et_pb_old_content":"","_et_gb_content_width":"","footnotes":""},"class_list":["post-5749","page","type-page","status-publish","hentry"],"yoast_head":"<!-- This site is optimized with the Yoast SEO plugin v27.2 - https:\/\/yoast.com\/product\/yoast-seo-wordpress\/ -->\n<title>Bes\u00f8k SUA - SUA<\/title>\n<meta name=\"description\" content=\"Du kan bes\u00f8ke SUA i Oslo, Bergen, Stavanger eller Trondheim. Se \u00e5pningstider og adresser.\" \/>\n<meta name=\"robots\" content=\"index, follow, max-snippet:-1, max-image-preview:large, max-video-preview:-1\" \/>\n<link rel=\"canonical\" href=\"https:\/\/www.sua.no\/en\/besok-sua\/\" \/>\n<meta property=\"og:locale\" content=\"en_GB\" \/>\n<meta property=\"og:type\" content=\"article\" \/>\n<meta property=\"og:title\" content=\"Bes\u00f8k SUA\" \/>\n<meta property=\"og:description\" content=\"Du kan bes\u00f8ke SUA i Oslo, Bergen, Stavanger eller Trondheim. Her finner du \u00e5pningstider og adresser.\" \/>\n<meta property=\"og:url\" content=\"https:\/\/www.sua.no\/en\/besok-sua\/\" \/>\n<meta property=\"og:site_name\" content=\"SUA\" \/>\n<meta property=\"article:modified_time\" content=\"2026-01-05T07:38:43+00:00\" \/>\n<meta property=\"og:image\" content=\"https:\/\/www.sua.no\/wp-content\/uploads\/2025\/03\/Bilde-til-banner-forside-scaled.jpg\" \/>\n\t<meta property=\"og:image:width\" content=\"2560\" \/>\n\t<meta property=\"og:image:height\" content=\"1707\" \/>\n\t<meta property=\"og:image:type\" content=\"image\/jpeg\" \/>\n<meta name=\"twitter:card\" content=\"summary_large_image\" \/>\n<meta name=\"twitter:image\" content=\"https:\/\/www.sua.no\/wp-content\/uploads\/2025\/03\/Bilde-til-banner-forside-scaled.jpg\" \/>\n<meta name=\"twitter:label1\" content=\"Estimated reading time\" \/>\n\t<meta name=\"twitter:data1\" content=\"2 minutes\" \/>\n<script type=\"application\/ld+json\" class=\"yoast-schema-graph\">{\"@context\":\"https:\/\/schema.org\",\"@graph\":[{\"@type\":\"WebPage\",\"@id\":\"https:\/\/www.sua.no\/besok-sua\/\",\"url\":\"https:\/\/www.sua.no\/besok-sua\/\",\"name\":\"Bes\u00f8k SUA - SUA\",\"isPartOf\":{\"@id\":\"https:\/\/www.sua.no\/en\/#website\"},\"datePublished\":\"2025-04-30T08:28:34+00:00\",\"dateModified\":\"2026-01-05T07:38:43+00:00\",\"description\":\"Du kan bes\u00f8ke SUA i Oslo, Bergen, Stavanger eller Trondheim. Se \u00e5pningstider og adresser.\",\"breadcrumb\":{\"@id\":\"https:\/\/www.sua.no\/besok-sua\/#breadcrumb\"},\"inLanguage\":\"en-GB\",\"potentialAction\":[{\"@type\":\"ReadAction\",\"target\":[\"https:\/\/www.sua.no\/besok-sua\/\"]}]},{\"@type\":\"BreadcrumbList\",\"@id\":\"https:\/\/www.sua.no\/besok-sua\/#breadcrumb\",\"itemListElement\":[{\"@type\":\"ListItem\",\"position\":1,\"name\":\"Forside\",\"item\":\"https:\/\/www.sua.no\/\"},{\"@type\":\"ListItem\",\"position\":2,\"name\":\"Bes\u00f8k SUA\"}]},{\"@type\":\"WebSite\",\"@id\":\"https:\/\/www.sua.no\/en\/#website\",\"url\":\"https:\/\/www.sua.no\/en\/\",\"name\":\"SUA\",\"description\":\"Servicesenter for utenlandske arbeidstakere\",\"publisher\":{\"@id\":\"https:\/\/www.sua.no\/en\/#organization\"},\"potentialAction\":[{\"@type\":\"SearchAction\",\"target\":{\"@type\":\"EntryPoint\",\"urlTemplate\":\"https:\/\/www.sua.no\/en\/?s={search_term_string}\"},\"query-input\":{\"@type\":\"PropertyValueSpecification\",\"valueRequired\":true,\"valueName\":\"search_term_string\"}}],\"inLanguage\":\"en-GB\"},{\"@type\":\"Organization\",\"@id\":\"https:\/\/www.sua.no\/en\/#organization\",\"name\":\"Servicesenter for utenlandske arbeidstakere\",\"url\":\"https:\/\/www.sua.no\/en\/\",\"logo\":{\"@type\":\"ImageObject\",\"inLanguage\":\"en-GB\",\"@id\":\"https:\/\/www.sua.no\/en\/#\/schema\/logo\/image\/\",\"url\":\"https:\/\/www.sua.no\/wp-content\/uploads\/2021\/04\/SUA-logo-NO-uten-luft-1.png\",\"contentUrl\":\"https:\/\/www.sua.no\/wp-content\/uploads\/2021\/04\/SUA-logo-NO-uten-luft-1.png\",\"width\":541,\"height\":119,\"caption\":\"Servicesenter for utenlandske arbeidstakere\"},\"image\":{\"@id\":\"https:\/\/www.sua.no\/en\/#\/schema\/logo\/image\/\"}}]}<\/script>\n<!-- \/ Yoast SEO plugin. -->","yoast_head_json":{"title":"Visit SUA - SUA","description":"Du kan bes\u00f8ke SUA i Oslo, Bergen, Stavanger eller Trondheim. Se \u00e5pningstider og adresser.","robots":{"index":"index","follow":"follow","max-snippet":"max-snippet:-1","max-image-preview":"max-image-preview:large","max-video-preview":"max-video-preview:-1"},"canonical":"https:\/\/www.sua.no\/en\/besok-sua\/","og_locale":"en_GB","og_type":"article","og_title":"Bes\u00f8k SUA","og_description":"Du kan bes\u00f8ke SUA i Oslo, Bergen, Stavanger eller Trondheim. Her finner du \u00e5pningstider og adresser.","og_url":"https:\/\/www.sua.no\/en\/besok-sua\/","og_site_name":"SUA","article_modified_time":"2026-01-05T07:38:43+00:00","og_image":[{"width":2560,"height":1707,"url":"https:\/\/www.sua.no\/wp-content\/uploads\/2025\/03\/Bilde-til-banner-forside-scaled.jpg","type":"image\/jpeg"}],"twitter_card":"summary_large_image","twitter_image":"https:\/\/www.sua.no\/wp-content\/uploads\/2025\/03\/Bilde-til-banner-forside-scaled.jpg","twitter_misc":{"Estimated reading time":"2 minutes"},"schema":{"@context":"https:\/\/schema.org","@graph":[{"@type":"WebPage","@id":"https:\/\/www.sua.no\/besok-sua\/","url":"https:\/\/www.sua.no\/besok-sua\/","name":"Visit SUA - SUA","isPartOf":{"@id":"https:\/\/www.sua.no\/en\/#website"},"datePublished":"2025-04-30T08:28:34+00:00","dateModified":"2026-01-05T07:38:43+00:00","description":"Du kan bes\u00f8ke SUA i Oslo, Bergen, Stavanger eller Trondheim. Se \u00e5pningstider og adresser.","breadcrumb":{"@id":"https:\/\/www.sua.no\/besok-sua\/#breadcrumb"},"inLanguage":"en-GB","potentialAction":[{"@type":"ReadAction","target":["https:\/\/www.sua.no\/besok-sua\/"]}]},{"@type":"BreadcrumbList","@id":"https:\/\/www.sua.no\/besok-sua\/#breadcrumb","itemListElement":[{"@type":"ListItem","position":1,"name":"Forside","item":"https:\/\/www.sua.no\/"},{"@type":"ListItem","position":2,"name":"Bes\u00f8k SUA"}]},{"@type":"WebSite","@id":"https:\/\/www.sua.no\/en\/#website","url":"https:\/\/www.sua.no\/en\/","name":"SUA","description":"Servicesenter for utenlandske arbeidstakere","publisher":{"@id":"https:\/\/www.sua.no\/en\/#organization"},"potentialAction":[{"@type":"SearchAction","target":{"@type":"EntryPoint","urlTemplate":"https:\/\/www.sua.no\/en\/?s={search_term_string}"},"query-input":{"@type":"PropertyValueSpecification","valueRequired":true,"valueName":"search_term_string"}}],"inLanguage":"en-GB"},{"@type":"Organization","@id":"https:\/\/www.sua.no\/en\/#organization","name":"Servicesenter for utenlandske arbeidstakere","url":"https:\/\/www.sua.no\/en\/","logo":{"@type":"ImageObject","inLanguage":"en-GB","@id":"https:\/\/www.sua.no\/en\/#\/schema\/logo\/image\/","url":"https:\/\/www.sua.no\/wp-content\/uploads\/2021\/04\/SUA-logo-NO-uten-luft-1.png","contentUrl":"https:\/\/www.sua.no\/wp-content\/uploads\/2021\/04\/SUA-logo-NO-uten-luft-1.png","width":541,"height":119,"caption":"Servicesenter for utenlandske arbeidstakere"},"image":{"@id":"https:\/\/www.sua.no\/en\/#\/schema\/logo\/image\/"}}]}},"_links":{"self":[{"href":"https:\/\/www.sua.no\/en\/wp-json\/wp\/v2\/pages\/5749","targetHints":{"allow":["GET"]}}],"collection":[{"href":"https:\/\/www.sua.no\/en\/wp-json\/wp\/v2\/pages"}],"about":[{"href":"https:\/\/www.sua.no\/en\/wp-json\/wp\/v2\/types\/page"}],"author":[{"embeddable":true,"href":"https:\/\/www.sua.no\/en\/wp-json\/wp\/v2\/users\/20"}],"replies":[{"embeddable":true,"href":"https:\/\/www.sua.no\/en\/wp-json\/wp\/v2\/comments?post=5749"}],"version-history":[{"count":60,"href":"https:\/\/www.sua.no\/en\/wp-json\/wp\/v2\/pages\/5749\/revisions"}],"predecessor-version":[{"id":8611,"href":"https:\/\/www.sua.no\/en\/wp-json\/wp\/v2\/pages\/5749\/revisions\/8611"}],"wp:attachment":[{"href":"https:\/\/www.sua.no\/en\/wp-json\/wp\/v2\/media?parent=5749"}],"curies":[{"name":"wp","href":"https:\/\/api.w.org\/{rel}","templated":true}]}}