{"id":317,"date":"2020-10-15T11:11:01","date_gmt":"2020-10-15T11:11:01","guid":{"rendered":"https:\/\/www.sua.no\/v2\/?page_id=317"},"modified":"2025-10-31T11:01:38","modified_gmt":"2025-10-31T11:01:38","slug":"your-rights","status":"publish","type":"page","link":"https:\/\/www.sua.no\/en\/dine-rettigheter\/","title":{"rendered":"Your rights"},"content":{"rendered":"\n[et_pb_section fb_built=&raquo;1&#8243; custom_padding_last_edited=&raquo;on|desktop&raquo; _builder_version=&raquo;4.16&#8243; _module_preset=&raquo;default&raquo; custom_margin=&raquo;||0px||false|false&raquo; custom_padding_tablet=&raquo;0px||||false|false&raquo; custom_padding_phone=&raquo;&raquo; global_colors_info=&raquo;{}&raquo;][et_pb_row module_class=&raquo;artikkelside-column&raquo; _builder_version=&raquo;4.27.4&#8243; _module_preset=&raquo;default&raquo; max_width=&raquo;600px&raquo; global_colors_info=&raquo;{}&raquo;][et_pb_column type=&raquo;4_4&#8243; _builder_version=&raquo;4.27.4&#8243; _module_preset=&raquo;default&raquo; global_colors_info=&raquo;{}&raquo;][et_pb_code _builder_version=&raquo;4.27.4&#8243; _module_preset=&raquo;default&raquo; global_colors_info=&raquo;{}&raquo;]<nav aria-label=\"br\u00f8dsmulesti\"><span><span><a href=\"https:\/\/www.sua.no\/\">Forside<\/a><\/span><\/span><\/nav>[\/et_pb_code][et_pb_text _builder_version=&raquo;4.16&#8243; _module_preset=&raquo;default&raquo; header_line_height=&raquo;1.2em&raquo; custom_margin=&raquo;||||false|false&raquo; custom_margin_tablet=&raquo;&raquo; custom_margin_phone=&raquo;||16px||false|false&raquo; custom_margin_last_edited=&raquo;on|phone&raquo; header_font_size_tablet=&raquo;&raquo; header_font_size_phone=&raquo;24px&raquo; header_font_size_last_edited=&raquo;on|phone&raquo; global_colors_info=&raquo;{}&raquo;]<h1><strong>Vet du hva dine rettigheter er n\u00e5r du jobber i Norge?<\/strong><\/h1>[\/et_pb_text][et_pb_text module_class=&raquo;ingress&raquo; _builder_version=&raquo;4.27.4&#8243; _module_preset=&raquo;default&raquo; header_2_text_color=&raquo;#000000&#8243; header_2_font_size=&raquo;20px&raquo; header_2_line_height=&raquo;1.2em&raquo; custom_margin=&raquo;||0px||false|false&raquo; custom_padding=&raquo;||0px||false|false&raquo; header_2_font_size_tablet=&raquo;&raquo; header_2_font_size_phone=&raquo;18px&raquo; header_2_font_size_last_edited=&raquo;on|phone&raquo; global_colors_info=&raquo;{}&raquo;]<p>Du kan f\u00e5 hjelp hvis du har sp\u00f8rsm\u00e5l om arbeidsforholdet ditt.<\/p>[\/et_pb_text][\/et_pb_column][\/et_pb_row][et_pb_row custom_padding_last_edited=&raquo;on|phone&raquo; module_class=&raquo;artikkelside-column&raquo; _builder_version=&raquo;4.27.4&#8243; _module_preset=&raquo;default&raquo; width=&raquo;100%&raquo; max_width=&raquo;550px&raquo; custom_margin=&raquo;|auto|2px|auto||&raquo; custom_margin_last_edited=&raquo;off|phone&raquo; custom_padding_tablet=&raquo;|16px||16px|false|false&raquo; custom_padding_phone=&raquo;||||false|false&raquo; global_colors_info=&raquo;{}&raquo;][et_pb_column type=&raquo;4_4&#8243; _builder_version=&raquo;4.16&#8243; _module_preset=&raquo;default&raquo; global_colors_info=&raquo;{}&raquo;][et_pb_text module_class=&raquo;artikkelside-text &raquo; _builder_version=&raquo;4.27.4&#8243; _module_preset=&raquo;default&raquo; text_line_height=&raquo;1.5em&raquo; header_3_font=&raquo;|700|||||||&raquo; header_3_line_height=&raquo;1.2em&raquo; custom_margin_tablet=&raquo;&raquo; custom_margin_phone=&raquo;||0px||false|false&raquo; custom_margin_last_edited=&raquo;on|phone&raquo; custom_padding=&raquo;8px||0px||false|false&raquo; custom_padding_tablet=&raquo;&raquo; custom_padding_phone=&raquo;8px||0px||false|false&raquo; custom_padding_last_edited=&raquo;on|phone&raquo; header_3_font_size_tablet=&raquo;&raquo; header_3_font_size_phone=&raquo;20px&raquo; header_3_font_size_last_edited=&raquo;on|phone&raquo; locked=&raquo;off&raquo; global_colors_info=&raquo;{}&raquo;]<h2>N\u00e5r du jobber i Norge har du blant annet rett til<\/h2>[\/et_pb_text][et_pb_text module_class=&raquo;artikkelside-text &raquo; _builder_version=&raquo;4.27.4&#8243; _module_preset=&raquo;default&raquo; text_text_color=&raquo;#000000&#8243; locked=&raquo;off&raquo; global_colors_info=&raquo;{}&raquo;]<ul>\n<li>skriftlig arbeidsavtale<\/li>\n<li>minstel\u00f8nn i noen bransjer<\/li>\n<li>ferie og feriepenger<\/li>\n<li>overtidsbetaling hvis du jobber overtid<\/li>\n<li>HMS-kort hvis du jobber med renhold, bilpleie, hjulskift og hjullagring eller utf\u00f8rer arbeid p\u00e5 bygge- og anleggsplasser. Fra 1. janaur 2026 er det ogs\u00e5 krav om HMS-kort i varetransportsbransjen.\u00a0<\/li>\n<\/ul>\n<p>Du finner mer informasjon om rettighetene dine p\u00e5\u00a0<a href=\"https:\/\/www.arbeidstilsynet.no\/arbeidsforhold\/knowyourrights-NO\/\" target=\"_blank\" rel=\"noopener noreferrer\">Arbeidstilsynet sine nettsider<\/a>.<\/p>[\/et_pb_text][et_pb_image src=&raquo;https:\/\/www.sua.no\/wp-content\/uploads\/2025\/04\/iStock-2119352718-scaled.jpg&raquo; alt=&raquo;Happy housekeeping executive using touchpad while communicating with chambermaid in a hotel hallway.&raquo; title_text=&raquo;Happy hotel maid talking to housekeeping manager while waking through hallway,&raquo; module_class=&raquo;artikkelside-text&raquo; _builder_version=&raquo;4.27.4&#8243; _module_preset=&raquo;default&raquo; custom_padding=&raquo;||0px|||&raquo; border_radii=&raquo;on|12px|12px|12px|12px&raquo; global_colors_info=&raquo;{}&raquo;][\/et_pb_image][et_pb_code _builder_version=&raquo;4.27.4&#8243; _module_preset=&raquo;default&raquo; global_colors_info=&raquo;{}&raquo;][\/et_pb_code][et_pb_code _builder_version=&raquo;4.27.4&#8243; _module_preset=&raquo;default&raquo; global_colors_info=&raquo;{}&raquo;][\/et_pb_code][et_pb_text module_class=&raquo;artikkelside-text &raquo; _builder_version=&raquo;4.27.4&#8243; _module_preset=&raquo;default&raquo; text_line_height=&raquo;1.5em&raquo; header_3_font=&raquo;|700|||||||&raquo; header_3_line_height=&raquo;1.2em&raquo; custom_margin_tablet=&raquo;&raquo; custom_margin_phone=&raquo;||0px||false|false&raquo; custom_margin_last_edited=&raquo;on|phone&raquo; custom_padding=&raquo;8px||0px||false|false&raquo; custom_padding_tablet=&raquo;&raquo; custom_padding_phone=&raquo;8px||0px||false|false&raquo; custom_padding_last_edited=&raquo;on|phone&raquo; header_3_font_size_tablet=&raquo;&raquo; header_3_font_size_phone=&raquo;20px&raquo; header_3_font_size_last_edited=&raquo;on|phone&raquo; locked=&raquo;off&raquo; global_colors_info=&raquo;{}&raquo;]<a id=\"kontakt\"><\/a>\n<h2>Har du et problem i arbeidsforholdet ditt?<\/h2>[\/et_pb_text][et_pb_text module_class=&raquo;artikkelside-text &raquo; _builder_version=&raquo;4.27.4&#8243; _module_preset=&raquo;default&raquo; custom_padding=&raquo;||0px|||&raquo; locked=&raquo;off&raquo; global_colors_info=&raquo;{}&raquo;]<p>Da b\u00f8r du ta kontakt med Arbeidstilsynet s\u00e5 snart som mulig. Arbeidstilsynet har taushetsplikt og du kan velge \u00e5 v\u00e6re anonym.<\/p>\n<p>Du kan ta kontakt med Arbeidstilsynet p\u00e5 flere spr\u00e5k <a href=\"https:\/\/www.arbeidstilsynet.no\/en\/working-conditions\/knowyourrights\/#Askusaboutlawsandregulations\" target=\"_blank\" rel=\"noopener\">via et kontaktskjema<\/a>.<\/p>\n<p>Du kan ogs\u00e5 ta kontakt p\u00e5 norsk eller engelsk p\u00e5 telefon <a href=\"tel: +4773199700\">(+47) 73 19 97 00<\/a>, eller ved \u00e5\u00a0<a href=\"https:\/\/tips.arbeidstilsynet.no\/skjema\/steg1-1\" target=\"_blank\" rel=\"noopener\">sende inn et anonymt tips<\/a>.<\/p>\n<p>Du kan ogs\u00e5 bes\u00f8ke Arbeidstilsynet p\u00e5 SUA. Du trenger ikke bestille en time. Arbeidstilsynet kan ikke svare p\u00e5 sp\u00f8rsm\u00e5l du har om identitetsnummer, skattekort, oppholdstillatelse eller registreringsbevis.<\/p>[\/et_pb_text][et_pb_text module_class=&raquo;artikkelside-text &raquo; _builder_version=&raquo;4.27.4&#8243; _module_preset=&raquo;default&raquo; text_line_height=&raquo;1.5em&raquo; header_3_font=&raquo;|700|||||||&raquo; header_3_line_height=&raquo;1.2em&raquo; custom_margin_tablet=&raquo;&raquo; custom_margin_phone=&raquo;||0px||false|false&raquo; custom_margin_last_edited=&raquo;on|phone&raquo; custom_padding=&raquo;8px||0px||false|false&raquo; custom_padding_tablet=&raquo;&raquo; custom_padding_phone=&raquo;8px||0px||false|false&raquo; custom_padding_last_edited=&raquo;on|phone&raquo; header_3_font_size_tablet=&raquo;&raquo; header_3_font_size_phone=&raquo;20px&raquo; header_3_font_size_last_edited=&raquo;on|phone&raquo; locked=&raquo;off&raquo; global_colors_info=&raquo;{}&raquo;]<h2>Du kan ha rett p\u00e5 st\u00f8tte fra NAV hvis du mister jobben eller blir syk<\/h2>[\/et_pb_text][et_pb_text module_class=&raquo;artikkelside-text &raquo; _builder_version=&raquo;4.27.4&#8243; _module_preset=&raquo;default&raquo; custom_padding=&raquo;||0px|||&raquo; locked=&raquo;off&raquo; global_colors_info=&raquo;{}&raquo;]<p>Du kan ha rett til dagpenger hvis du mister jobben eller blir permittert, og sykepenger hvis du blir syk.<\/p>\n<p>Som hovedregel m\u00e5 arbeidsforholdet ditt v\u00e6re registrert i Aa-registeret for at du skal ha rett til dagpenger og sykepenger. Det er arbeidsgiveren din som har ansvar for \u00e5 gj\u00f8re dette. Du kan selv sjekke om arbeidsforholdet ditt er registrert i Aa-registeret p\u00e5 nav.no.<\/p>\n<p>Les mer om <a href=\"https:\/\/www.nav.no\/sykepenger\" target=\"_blank\" rel=\"noopener\">sykepenger<\/a> og <a href=\"https:\/\/www.nav.no\/dagpenger\" target=\"_blank\" rel=\"noopener\">dagpenger<\/a> p\u00e5 NAV sine sider.<\/p>[\/et_pb_text][et_pb_text module_class=&raquo;artikkelside-text &raquo; _builder_version=&raquo;4.27.4&#8243; _module_preset=&raquo;default&raquo; text_line_height=&raquo;1.5em&raquo; header_3_font=&raquo;|700|||||||&raquo; header_3_line_height=&raquo;1.2em&raquo; custom_margin_tablet=&raquo;&raquo; custom_margin_phone=&raquo;||0px||false|false&raquo; custom_margin_last_edited=&raquo;on|phone&raquo; custom_padding=&raquo;8px||0px||false|false&raquo; custom_padding_tablet=&raquo;&raquo; custom_padding_phone=&raquo;8px||0px||false|false&raquo; custom_padding_last_edited=&raquo;on|phone&raquo; header_3_font_size_tablet=&raquo;&raquo; header_3_font_size_phone=&raquo;20px&raquo; header_3_font_size_last_edited=&raquo;on|phone&raquo; locked=&raquo;off&raquo; global_colors_info=&raquo;{}&raquo;]<h2>Visste du at du kan melde deg inn i en fagforening?<o:p><\/o:p><\/h2>[\/et_pb_text][et_pb_text module_class=&raquo;artikkelside-text &raquo; _builder_version=&raquo;4.27.4&#8243; _module_preset=&raquo;default&raquo; locked=&raquo;off&raquo; global_colors_info=&raquo;{}&raquo;]<p>En fagforening er en organisasjon som jobber p\u00e5 vegne av deg som arbeidstaker. Det betyr at fagforeningen forhandler l\u00f8nn, arbeidstid og ferievilk\u00e5r p\u00e5 dine vegne. Hvis du kommer i konflikt med arbeidsgiveren din, kan du f\u00e5 hjelp av fagforeningens jurister.<\/p>\n<p>Fagforeninger tilbyr ogs\u00e5 fordeler som gode priser p\u00e5 forsikring, l\u00e5nerenter og mobilabonnement. Du betaler en fast sum i m\u00e5neden for \u00e5 v\u00e6re medlem i en fagforening. Arbeidstilsynet anbefaler alle \u00e5 melde seg inn i en fagforening.<\/p>\n<p>I Norge finnes det fire hovedorganisasjoner for arbeidstakere: LO, Unio, Akademikerne og YS. De fleste fagforbund og fagforeninger er tilknyttet en av disse organisasjonene.<\/p>[\/et_pb_text][et_pb_code module_class=&raquo;post_dates&raquo; _builder_version=&raquo;4.27.4&#8243; _module_preset=&raquo;default&raquo; global_colors_info=&raquo;{}&raquo;]Publisert: 15.10.2020&nbsp;&nbsp;&nbsp;<span style=\"white-space: nowrap;\">Sist endret: 31.10.2025<\/span>[\/et_pb_code][\/et_pb_column][\/et_pb_row][\/et_pb_section]\n","protected":false},"excerpt":{"rendered":"<p><span><span><a href=\"https:\/\/www.sua.no\/\">Forside<\/a><\/span><\/span>Vet du hva dine rettigheter er n\u00e5r du jobber i Norge?Du kan f\u00e5 hjelp hvis du har sp\u00f8rsm\u00e5l om arbeidsforholdet ditt.N\u00e5r du jobber i Norge har du blant annet rett til skriftlig arbeidsavtale minstel\u00f8nn i noen bransjer ferie og feriepenger overtidsbetaling hvis du jobber overtid HMS-kort hvis du jobber med renhold, bilpleie, hjulskift og hjullagring [&hellip;]<\/p>\n","protected":false},"author":15,"featured_media":0,"parent":0,"menu_order":0,"comment_status":"closed","ping_status":"closed","template":"","meta":{"_et_pb_use_builder":"on","_et_pb_old_content":"","_et_gb_content_width":"","footnotes":""},"class_list":["post-317","page","type-page","status-publish","hentry"],"yoast_head":"<!-- This site is optimized with the Yoast SEO plugin v27.2 - https:\/\/yoast.com\/product\/yoast-seo-wordpress\/ -->\n<title>Dine rettigheter n\u00e5r du jobber i Norge | SUA<\/title>\n<meta name=\"description\" content=\"Vet du hva du har krav p\u00e5 n\u00e5r du jobber i Norge? Du kan f\u00e5 hjelp hvis du har sp\u00f8rsm\u00e5l om arbeidsforholdet ditt.\" \/>\n<meta name=\"robots\" content=\"index, follow, max-snippet:-1, max-image-preview:large, max-video-preview:-1\" \/>\n<link rel=\"canonical\" href=\"https:\/\/www.sua.no\/en\/your-rights\/\" \/>\n<meta property=\"og:locale\" content=\"en_GB\" \/>\n<meta property=\"og:type\" content=\"article\" \/>\n<meta property=\"og:title\" content=\"Dine rettigheter n\u00e5r du jobber i Norge\" \/>\n<meta property=\"og:description\" content=\"Vet du hva du har krav p\u00e5 n\u00e5r du jobber i Norge? Du kan f\u00e5 hjelp hvis du har sp\u00f8rsm\u00e5l om arbeidsforholdet ditt.\" \/>\n<meta property=\"og:url\" content=\"https:\/\/www.sua.no\/en\/your-rights\/\" \/>\n<meta property=\"og:site_name\" content=\"SUA\" \/>\n<meta property=\"article:modified_time\" content=\"2025-10-31T11:01:38+00:00\" \/>\n<meta property=\"og:image\" content=\"https:\/\/www.sua.no\/wp-content\/uploads\/2025\/03\/Bilde-til-banner-forside-scaled.jpg\" \/>\n\t<meta property=\"og:image:width\" content=\"2560\" \/>\n\t<meta property=\"og:image:height\" content=\"1707\" \/>\n\t<meta property=\"og:image:type\" content=\"image\/jpeg\" \/>\n<meta name=\"twitter:card\" content=\"summary_large_image\" \/>\n<meta name=\"twitter:image\" content=\"https:\/\/www.sua.no\/wp-content\/uploads\/2025\/03\/Bilde-til-banner-forside-scaled.jpg\" \/>\n<meta name=\"twitter:label1\" content=\"Estimated reading time\" \/>\n\t<meta name=\"twitter:data1\" content=\"3 minutes\" \/>\n<script type=\"application\/ld+json\" class=\"yoast-schema-graph\">{\"@context\":\"https:\/\/schema.org\",\"@graph\":[{\"@type\":\"WebPage\",\"@id\":\"https:\/\/www.sua.no\/dine-rettigheter\/\",\"url\":\"https:\/\/www.sua.no\/dine-rettigheter\/\",\"name\":\"Dine rettigheter n\u00e5r du jobber i Norge | SUA\",\"isPartOf\":{\"@id\":\"https:\/\/www.sua.no\/en\/#website\"},\"datePublished\":\"2020-10-15T11:11:01+00:00\",\"dateModified\":\"2025-10-31T11:01:38+00:00\",\"description\":\"Vet du hva du har krav p\u00e5 n\u00e5r du jobber i Norge? Du kan f\u00e5 hjelp hvis du har sp\u00f8rsm\u00e5l om arbeidsforholdet ditt.\",\"breadcrumb\":{\"@id\":\"https:\/\/www.sua.no\/dine-rettigheter\/#breadcrumb\"},\"inLanguage\":\"en-GB\",\"potentialAction\":[{\"@type\":\"ReadAction\",\"target\":[\"https:\/\/www.sua.no\/dine-rettigheter\/\"]}]},{\"@type\":\"BreadcrumbList\",\"@id\":\"https:\/\/www.sua.no\/dine-rettigheter\/#breadcrumb\",\"itemListElement\":[{\"@type\":\"ListItem\",\"position\":1,\"name\":\"Forside\",\"item\":\"https:\/\/www.sua.no\/\"},{\"@type\":\"ListItem\",\"position\":2,\"name\":\"Dine rettigheter\"}]},{\"@type\":\"WebSite\",\"@id\":\"https:\/\/www.sua.no\/en\/#website\",\"url\":\"https:\/\/www.sua.no\/en\/\",\"name\":\"SUA\",\"description\":\"Servicesenter for utenlandske arbeidstakere\",\"publisher\":{\"@id\":\"https:\/\/www.sua.no\/en\/#organization\"},\"potentialAction\":[{\"@type\":\"SearchAction\",\"target\":{\"@type\":\"EntryPoint\",\"urlTemplate\":\"https:\/\/www.sua.no\/en\/?s={search_term_string}\"},\"query-input\":{\"@type\":\"PropertyValueSpecification\",\"valueRequired\":true,\"valueName\":\"search_term_string\"}}],\"inLanguage\":\"en-GB\"},{\"@type\":\"Organization\",\"@id\":\"https:\/\/www.sua.no\/en\/#organization\",\"name\":\"Servicesenter for utenlandske arbeidstakere\",\"url\":\"https:\/\/www.sua.no\/en\/\",\"logo\":{\"@type\":\"ImageObject\",\"inLanguage\":\"en-GB\",\"@id\":\"https:\/\/www.sua.no\/en\/#\/schema\/logo\/image\/\",\"url\":\"https:\/\/www.sua.no\/wp-content\/uploads\/2021\/04\/SUA-logo-NO-uten-luft-1.png\",\"contentUrl\":\"https:\/\/www.sua.no\/wp-content\/uploads\/2021\/04\/SUA-logo-NO-uten-luft-1.png\",\"width\":541,\"height\":119,\"caption\":\"Servicesenter for utenlandske arbeidstakere\"},\"image\":{\"@id\":\"https:\/\/www.sua.no\/en\/#\/schema\/logo\/image\/\"}}]}<\/script>\n<!-- \/ Yoast SEO plugin. -->","yoast_head_json":{"title":"Your rights when working in Norway | SUA","description":"Do you know what you're entitled to when working in Norway? You can get help you if you have questions about your employment.","robots":{"index":"index","follow":"follow","max-snippet":"max-snippet:-1","max-image-preview":"max-image-preview:large","max-video-preview":"max-video-preview:-1"},"canonical":"https:\/\/www.sua.no\/en\/your-rights\/","og_locale":"en_GB","og_type":"article","og_title":"Dine rettigheter n\u00e5r du jobber i Norge","og_description":"Vet du hva du har krav p\u00e5 n\u00e5r du jobber i Norge? Du kan f\u00e5 hjelp hvis du har sp\u00f8rsm\u00e5l om arbeidsforholdet ditt.","og_url":"https:\/\/www.sua.no\/en\/your-rights\/","og_site_name":"SUA","article_modified_time":"2025-10-31T11:01:38+00:00","og_image":[{"width":2560,"height":1707,"url":"https:\/\/www.sua.no\/wp-content\/uploads\/2025\/03\/Bilde-til-banner-forside-scaled.jpg","type":"image\/jpeg"}],"twitter_card":"summary_large_image","twitter_image":"https:\/\/www.sua.no\/wp-content\/uploads\/2025\/03\/Bilde-til-banner-forside-scaled.jpg","twitter_misc":{"Estimated reading time":"3 minutes"},"schema":{"@context":"https:\/\/schema.org","@graph":[{"@type":"WebPage","@id":"https:\/\/www.sua.no\/dine-rettigheter\/","url":"https:\/\/www.sua.no\/dine-rettigheter\/","name":"Your rights when working in Norway | SUA","isPartOf":{"@id":"https:\/\/www.sua.no\/en\/#website"},"datePublished":"2020-10-15T11:11:01+00:00","dateModified":"2025-10-31T11:01:38+00:00","description":"Do you know what you're entitled to when working in Norway? You can get help you if you have questions about your employment.","breadcrumb":{"@id":"https:\/\/www.sua.no\/dine-rettigheter\/#breadcrumb"},"inLanguage":"en-GB","potentialAction":[{"@type":"ReadAction","target":["https:\/\/www.sua.no\/dine-rettigheter\/"]}]},{"@type":"BreadcrumbList","@id":"https:\/\/www.sua.no\/dine-rettigheter\/#breadcrumb","itemListElement":[{"@type":"ListItem","position":1,"name":"Forside","item":"https:\/\/www.sua.no\/"},{"@type":"ListItem","position":2,"name":"Dine rettigheter"}]},{"@type":"WebSite","@id":"https:\/\/www.sua.no\/en\/#website","url":"https:\/\/www.sua.no\/en\/","name":"SUA","description":"Servicesenter for utenlandske arbeidstakere","publisher":{"@id":"https:\/\/www.sua.no\/en\/#organization"},"potentialAction":[{"@type":"SearchAction","target":{"@type":"EntryPoint","urlTemplate":"https:\/\/www.sua.no\/en\/?s={search_term_string}"},"query-input":{"@type":"PropertyValueSpecification","valueRequired":true,"valueName":"search_term_string"}}],"inLanguage":"en-GB"},{"@type":"Organization","@id":"https:\/\/www.sua.no\/en\/#organization","name":"Servicesenter for utenlandske arbeidstakere","url":"https:\/\/www.sua.no\/en\/","logo":{"@type":"ImageObject","inLanguage":"en-GB","@id":"https:\/\/www.sua.no\/en\/#\/schema\/logo\/image\/","url":"https:\/\/www.sua.no\/wp-content\/uploads\/2021\/04\/SUA-logo-NO-uten-luft-1.png","contentUrl":"https:\/\/www.sua.no\/wp-content\/uploads\/2021\/04\/SUA-logo-NO-uten-luft-1.png","width":541,"height":119,"caption":"Servicesenter for utenlandske arbeidstakere"},"image":{"@id":"https:\/\/www.sua.no\/en\/#\/schema\/logo\/image\/"}}]}},"_links":{"self":[{"href":"https:\/\/www.sua.no\/en\/wp-json\/wp\/v2\/pages\/317","targetHints":{"allow":["GET"]}}],"collection":[{"href":"https:\/\/www.sua.no\/en\/wp-json\/wp\/v2\/pages"}],"about":[{"href":"https:\/\/www.sua.no\/en\/wp-json\/wp\/v2\/types\/page"}],"author":[{"embeddable":true,"href":"https:\/\/www.sua.no\/en\/wp-json\/wp\/v2\/users\/15"}],"replies":[{"embeddable":true,"href":"https:\/\/www.sua.no\/en\/wp-json\/wp\/v2\/comments?post=317"}],"version-history":[{"count":136,"href":"https:\/\/www.sua.no\/en\/wp-json\/wp\/v2\/pages\/317\/revisions"}],"predecessor-version":[{"id":8488,"href":"https:\/\/www.sua.no\/en\/wp-json\/wp\/v2\/pages\/317\/revisions\/8488"}],"wp:attachment":[{"href":"https:\/\/www.sua.no\/en\/wp-json\/wp\/v2\/media?parent=317"}],"curies":[{"name":"wp","href":"https:\/\/api.w.org\/{rel}","templated":true}]}}